{"id":979,"date":"2022-06-06T12:39:07","date_gmt":"2022-06-06T09:39:07","guid":{"rendered":"https:\/\/turpet.com.tr\/?page_id=979"},"modified":"2022-06-16T13:44:40","modified_gmt":"2022-06-16T10:44:40","slug":"cnc-sogutma-sivilari","status":"publish","type":"page","link":"https:\/\/turpet.com.tr\/?page_id=979","title":{"rendered":"CNC So\u011futma S\u0131v\u0131lar\u0131"},"content":{"rendered":"<p>[vc_row][vc_column][vc_empty_space height=&#8221;64px&#8221;][\/vc_column][\/vc_row][vc_row content_placement=&#8221;middle&#8221;][vc_column width=&#8221;1\/2&#8243;][vc_gallery type=&#8221;image_grid&#8221; images=&#8221;1238&#8243; img_size=&#8221;full&#8221; onclick=&#8221;&#8221;][\/vc_column][vc_column width=&#8221;1\/2&#8243;][vc_column_text]<\/p>\n<div class=\"elementor-element elementor-element-31ab621 elementor-widget elementor-widget-jet-single-excerpt\" data-id=\"31ab621\" data-element_type=\"widget\" data-widget_type=\"jet-single-excerpt.default\">\n<div class=\"elementor-widget-container\">\n<div class=\"elementor-jet-single-excerpt jet-woo-builder\">\n<div class=\"woocommerce-product-details__short-description\">\n<p style=\"text-align: center;\">\u00dcr\u00fcn Tan\u0131m\u0131: Su ile stabil ve yar\u0131 \u015feffaf em\u00fclsiyon olu\u015fturan, \u00e7ok ama\u00e7l\u0131 kullan\u0131ma uygun, y\u00fcksek performansl\u0131 yar\u0131-sentetik metal i\u015fleme s\u0131v\u0131s\u0131d\u0131r. Y\u00fcksek kalitede mineral baz ya\u011flar ile g\u00fc\u00e7l\u00fc em\u00fclgat\u00f6rler ve korozyon, k\u00f6p\u00fck, mikroorganizma \u00f6nleyici kimyasallardan olu\u015fan dengeli bir kat\u0131k i\u00e7eri\u011fi ile form\u00fcle edilmi\u015ftir.<\/p>\n<p>Kullan\u0131m \u015eekli\/Kullan\u0131m Yeri: \u00c7elik, d\u00f6k\u00fcm, aluminyum, bak\u0131r ve titanyum ala\u015f\u0131m malzemelerin ta\u015flama ve tala\u015fl\u0131 imalat operasyonlar\u0131nda kullan\u0131lan bir \u00fcr\u00fcnd\u00fcr. Geni\u015f bir Toplam Sertlik aral\u0131\u011f\u0131na sahip sular ile kullan\u0131labilir.<\/p>\n<\/div>\n<\/div>\n<\/div>\n<\/div>\n<p>[\/vc_column_text][\/vc_column][\/vc_row][vc_row][vc_column][vc_empty_space][\/vc_column][\/vc_row]<\/p>\n","protected":false},"excerpt":{"rendered":"<p>[vc_row][vc_column][vc_empty_space height=&#8221;64px&#8221;][\/vc_column][\/vc_row][vc_row content_placement=&#8221;middle&#8221;][vc_column width=&#8221;1\/2&#8243;][vc_gallery type=&#8221;image_grid&#8221; images=&#8221;1238&#8243; img_size=&#8221;full&#8221; onclick=&#8221;&#8221;][\/vc_column][vc_column width=&#8221;1\/2&#8243;][vc_column_text] \u00dcr\u00fcn Tan\u0131m\u0131: Su ile stabil ve yar\u0131 \u015feffaf em\u00fclsiyon olu\u015fturan, \u00e7ok ama\u00e7l\u0131 kullan\u0131ma uygun, y\u00fcksek performansl\u0131 yar\u0131-sentetik metal i\u015fleme s\u0131v\u0131s\u0131d\u0131r. Y\u00fcksek kalitede mineral baz ya\u011flar ile g\u00fc\u00e7l\u00fc em\u00fclgat\u00f6rler ve korozyon, k\u00f6p\u00fck,&#8230;<\/p>\n","protected":false},"author":1,"featured_media":0,"parent":0,"menu_order":0,"comment_status":"closed","ping_status":"closed","template":"","meta":{"footnotes":""},"class_list":["post-979","page","type-page","status-publish","hentry"],"_links":{"self":[{"href":"https:\/\/turpet.com.tr\/index.php?rest_route=\/wp\/v2\/pages\/979","targetHints":{"allow":["GET"]}}],"collection":[{"href":"https:\/\/turpet.com.tr\/index.php?rest_route=\/wp\/v2\/pages"}],"about":[{"href":"https:\/\/turpet.com.tr\/index.php?rest_route=\/wp\/v2\/types\/page"}],"author":[{"embeddable":true,"href":"https:\/\/turpet.com.tr\/index.php?rest_route=\/wp\/v2\/users\/1"}],"replies":[{"embeddable":true,"href":"https:\/\/turpet.com.tr\/index.php?rest_route=%2Fwp%2Fv2%2Fcomments&post=979"}],"version-history":[{"count":5,"href":"https:\/\/turpet.com.tr\/index.php?rest_route=\/wp\/v2\/pages\/979\/revisions"}],"predecessor-version":[{"id":1239,"href":"https:\/\/turpet.com.tr\/index.php?rest_route=\/wp\/v2\/pages\/979\/revisions\/1239"}],"wp:attachment":[{"href":"https:\/\/turpet.com.tr\/index.php?rest_route=%2Fwp%2Fv2%2Fmedia&parent=979"}],"curies":[{"name":"wp","href":"https:\/\/api.w.org\/{rel}","templated":true}]}}