{"id":978,"date":"2022-06-06T12:39:07","date_gmt":"2022-06-06T09:39:07","guid":{"rendered":"https:\/\/turpet.com.tr\/?page_id=978"},"modified":"2022-06-06T16:25:30","modified_gmt":"2022-06-06T13:25:30","slug":"tekstil-yaglari","status":"publish","type":"page","link":"https:\/\/turpet.com.tr\/?page_id=978","title":{"rendered":"Tekstil Ya\u011flar\u0131"},"content":{"rendered":"<p>[vc_row][vc_column][vc_empty_space height=&#8221;64px&#8221;][\/vc_column][\/vc_row][vc_row content_placement=&#8221;middle&#8221;][vc_column width=&#8221;1\/2&#8243;][vc_gallery type=&#8221;image_grid&#8221; images=&#8221;1075&#8243; img_size=&#8221;full&#8221; onclick=&#8221;&#8221;][\/vc_column][vc_column width=&#8221;1\/2&#8243;][vc_column_text]<\/p>\n<div class=\"elementor-element elementor-element-31ab621 elementor-widget elementor-widget-jet-single-excerpt\" data-id=\"31ab621\" data-element_type=\"widget\" data-widget_type=\"jet-single-excerpt.default\">\n<div class=\"elementor-widget-container\">\n<div class=\"elementor-jet-single-excerpt jet-woo-builder\">\n<div class=\"woocommerce-product-details__short-description\">\n<p style=\"text-align: center;\">Tekstil sekt\u00f6r\u00fcn\u00fcn \u00e7e\u015fitli uygulamalar\u0131nda kullan\u0131lmak \u00fczere geli\u015ftirilmi\u015f \u00f6zel ya\u011flard\u0131r. Makinenin t\u00fcm par\u00e7alar\u0131n\u0131 pas ve korozyona kar\u015f\u0131 koruyan, antistatik ve s\u0131cakl\u0131\u011f\u0131 d\u00fc\u015f\u00fcren kat\u0131klar i\u00e7eren \u00f6zel \u00fcr\u00fcnlerdir.<\/p>\n<\/div>\n<\/div>\n<\/div>\n<\/div>\n<p>[\/vc_column_text][\/vc_column][\/vc_row][vc_row][vc_column][vc_empty_space][\/vc_column][\/vc_row]<\/p>\n","protected":false},"excerpt":{"rendered":"<p>[vc_row][vc_column][vc_empty_space height=&#8221;64px&#8221;][\/vc_column][\/vc_row][vc_row content_placement=&#8221;middle&#8221;][vc_column width=&#8221;1\/2&#8243;][vc_gallery type=&#8221;image_grid&#8221; images=&#8221;1075&#8243; img_size=&#8221;full&#8221; onclick=&#8221;&#8221;][\/vc_column][vc_column width=&#8221;1\/2&#8243;][vc_column_text] Tekstil sekt\u00f6r\u00fcn\u00fcn \u00e7e\u015fitli uygulamalar\u0131nda kullan\u0131lmak \u00fczere geli\u015ftirilmi\u015f \u00f6zel ya\u011flard\u0131r. Makinenin t\u00fcm par\u00e7alar\u0131n\u0131 pas ve korozyona kar\u015f\u0131 koruyan, antistatik ve s\u0131cakl\u0131\u011f\u0131 d\u00fc\u015f\u00fcren kat\u0131klar i\u00e7eren \u00f6zel \u00fcr\u00fcnlerdir. [\/vc_column_text][\/vc_column][\/vc_row][vc_row][vc_column][vc_empty_space][\/vc_column][\/vc_row]<\/p>\n","protected":false},"author":1,"featured_media":0,"parent":0,"menu_order":0,"comment_status":"closed","ping_status":"closed","template":"","meta":{"footnotes":""},"class_list":["post-978","page","type-page","status-publish","hentry"],"_links":{"self":[{"href":"https:\/\/turpet.com.tr\/index.php?rest_route=\/wp\/v2\/pages\/978","targetHints":{"allow":["GET"]}}],"collection":[{"href":"https:\/\/turpet.com.tr\/index.php?rest_route=\/wp\/v2\/pages"}],"about":[{"href":"https:\/\/turpet.com.tr\/index.php?rest_route=\/wp\/v2\/types\/page"}],"author":[{"embeddable":true,"href":"https:\/\/turpet.com.tr\/index.php?rest_route=\/wp\/v2\/users\/1"}],"replies":[{"embeddable":true,"href":"https:\/\/turpet.com.tr\/index.php?rest_route=%2Fwp%2Fv2%2Fcomments&post=978"}],"version-history":[{"count":3,"href":"https:\/\/turpet.com.tr\/index.php?rest_route=\/wp\/v2\/pages\/978\/revisions"}],"predecessor-version":[{"id":1076,"href":"https:\/\/turpet.com.tr\/index.php?rest_route=\/wp\/v2\/pages\/978\/revisions\/1076"}],"wp:attachment":[{"href":"https:\/\/turpet.com.tr\/index.php?rest_route=%2Fwp%2Fv2%2Fmedia&parent=978"}],"curies":[{"name":"wp","href":"https:\/\/api.w.org\/{rel}","templated":true}]}}