{"id":977,"date":"2022-06-06T12:39:07","date_gmt":"2022-06-06T09:39:07","guid":{"rendered":"https:\/\/turpet.com.tr\/?page_id=977"},"modified":"2022-06-16T13:30:30","modified_gmt":"2022-06-16T10:30:30","slug":"pur-kesme-yaglari","status":"publish","type":"page","link":"https:\/\/turpet.com.tr\/?page_id=977","title":{"rendered":"P\u00fcr Kesme Ya\u011flar\u0131"},"content":{"rendered":"<p>[vc_row][vc_column][vc_empty_space height=&#8221;64px&#8221;][\/vc_column][\/vc_row][vc_row content_placement=&#8221;middle&#8221;][vc_column width=&#8221;1\/2&#8243;][vc_gallery type=&#8221;image_grid&#8221; images=&#8221;1235&#8243; img_size=&#8221;full&#8221; onclick=&#8221;&#8221;][\/vc_column][vc_column width=&#8221;1\/2&#8243;][vc_column_text]<\/p>\n<div class=\"elementor-element elementor-element-31ab621 elementor-widget elementor-widget-jet-single-excerpt\" data-id=\"31ab621\" data-element_type=\"widget\" data-widget_type=\"jet-single-excerpt.default\">\n<div class=\"elementor-widget-container\">\n<div class=\"elementor-jet-single-excerpt jet-woo-builder\">\n<div class=\"woocommerce-product-details__short-description\">\n<div class=\"term-description entry clr\">\n<p style=\"text-align: center;\">Y\u00fcksek bas\u0131n\u00e7 ve s\u0131cakl\u0131klara dayan\u0131kl\u0131, i\u00e7erdi\u011fi a\u015f\u0131nmay\u0131 \u00f6nleyici katk\u0131larla kesici tak\u0131m\u0131n \u00f6mr\u00fcn\u00fc uzatan, y\u00fcksek s\u0131cakl\u0131klarda dumanlanma sorununu \u00f6nleyen, \u00fcr\u00fcn\u00fcn kullan\u0131lmas\u0131 esnas\u0131nda kararmas\u0131n\u0131 engelleyen ve uzun s\u00fcre y\u00fcksek performans ile \u00e7al\u0131\u015fmas\u0131n\u0131 sa\u011flayan oksitlenme \u00f6nleyici katk\u0131larla g\u00fc\u00e7lendirilmi\u015f ya\u011flard\u0131r. Di\u015f a\u00e7ma, azd\u0131rma, derin delik delme, bro\u015flama, konik ta\u015flama, honlama ve ta\u015flama i\u015flemlerinde ba\u015far\u0131 ile kullan\u0131l\u0131rlar.<\/p>\n<\/div>\n<article class=\"entry-content entry clr\">\n<div class=\"woocommerce-notices-wrapper\" style=\"text-align: center;\"><\/div>\n<\/article>\n<\/div>\n<\/div>\n<\/div>\n<\/div>\n<p>[\/vc_column_text][\/vc_column][\/vc_row][vc_row][vc_column][vc_empty_space][\/vc_column][\/vc_row]<\/p>\n","protected":false},"excerpt":{"rendered":"<p>[vc_row][vc_column][vc_empty_space height=&#8221;64px&#8221;][\/vc_column][\/vc_row][vc_row content_placement=&#8221;middle&#8221;][vc_column width=&#8221;1\/2&#8243;][vc_gallery type=&#8221;image_grid&#8221; images=&#8221;1235&#8243; img_size=&#8221;full&#8221; onclick=&#8221;&#8221;][\/vc_column][vc_column width=&#8221;1\/2&#8243;][vc_column_text] Y\u00fcksek bas\u0131n\u00e7 ve s\u0131cakl\u0131klara dayan\u0131kl\u0131, i\u00e7erdi\u011fi a\u015f\u0131nmay\u0131 \u00f6nleyici katk\u0131larla kesici tak\u0131m\u0131n \u00f6mr\u00fcn\u00fc uzatan, y\u00fcksek s\u0131cakl\u0131klarda dumanlanma sorununu \u00f6nleyen, \u00fcr\u00fcn\u00fcn kullan\u0131lmas\u0131 esnas\u0131nda kararmas\u0131n\u0131 engelleyen ve uzun s\u00fcre y\u00fcksek performans ile \u00e7al\u0131\u015fmas\u0131n\u0131 sa\u011flayan&#8230;<\/p>\n","protected":false},"author":1,"featured_media":0,"parent":0,"menu_order":0,"comment_status":"closed","ping_status":"closed","template":"","meta":{"footnotes":""},"class_list":["post-977","page","type-page","status-publish","hentry"],"_links":{"self":[{"href":"https:\/\/turpet.com.tr\/index.php?rest_route=\/wp\/v2\/pages\/977","targetHints":{"allow":["GET"]}}],"collection":[{"href":"https:\/\/turpet.com.tr\/index.php?rest_route=\/wp\/v2\/pages"}],"about":[{"href":"https:\/\/turpet.com.tr\/index.php?rest_route=\/wp\/v2\/types\/page"}],"author":[{"embeddable":true,"href":"https:\/\/turpet.com.tr\/index.php?rest_route=\/wp\/v2\/users\/1"}],"replies":[{"embeddable":true,"href":"https:\/\/turpet.com.tr\/index.php?rest_route=%2Fwp%2Fv2%2Fcomments&post=977"}],"version-history":[{"count":4,"href":"https:\/\/turpet.com.tr\/index.php?rest_route=\/wp\/v2\/pages\/977\/revisions"}],"predecessor-version":[{"id":1236,"href":"https:\/\/turpet.com.tr\/index.php?rest_route=\/wp\/v2\/pages\/977\/revisions\/1236"}],"wp:attachment":[{"href":"https:\/\/turpet.com.tr\/index.php?rest_route=%2Fwp%2Fv2%2Fmedia&parent=977"}],"curies":[{"name":"wp","href":"https:\/\/api.w.org\/{rel}","templated":true}]}}