{"id":975,"date":"2022-06-06T12:39:07","date_gmt":"2022-06-06T09:39:07","guid":{"rendered":"https:\/\/turpet.com.tr\/?page_id=975"},"modified":"2022-06-16T12:32:37","modified_gmt":"2022-06-16T09:32:37","slug":"kizak-yaglari","status":"publish","type":"page","link":"https:\/\/turpet.com.tr\/?page_id=975","title":{"rendered":"K\u0131zak Ya\u011flar\u0131"},"content":{"rendered":"<p>[vc_row][vc_column][vc_empty_space height=&#8221;64px&#8221;][\/vc_column][\/vc_row][vc_row content_placement=&#8221;middle&#8221;][vc_column width=&#8221;1\/2&#8243;][vc_gallery type=&#8221;image_grid&#8221; images=&#8221;1215&#8243; img_size=&#8221;full&#8221; onclick=&#8221;&#8221;][\/vc_column][vc_column width=&#8221;1\/2&#8243;][vc_column_text]<\/p>\n<div class=\"elementor-element elementor-element-31ab621 elementor-widget elementor-widget-jet-single-excerpt\" data-id=\"31ab621\" data-element_type=\"widget\" data-widget_type=\"jet-single-excerpt.default\">\n<div class=\"elementor-widget-container\">\n<div class=\"elementor-jet-single-excerpt jet-woo-builder\">\n<div class=\"woocommerce-product-details__short-description\">\n<div class=\"jtfYYd\">\n<div class=\"NJo7tc Z26q7c uUuwM\" data-content-feature=\"1\">\n<div class=\"VwiC3b yXK7lf MUxGbd yDYNvb lyLwlc\" style=\"text-align: center;\"><em>K\u0131zak ya\u011f\u0131<\/em>, tak\u0131m tezgahlar\u0131n\u0131n k\u0131zaklar\u0131n\u0131n ya\u011flanmas\u0131 i\u00e7in \u00f6zel olarak imal edilmi\u015f, y\u00fcksek viskozite indeksli parafinik esasl\u0131 ya\u011flard\u0131r.<\/div>\n<\/div>\n<\/div>\n<\/div>\n<\/div>\n<\/div>\n<\/div>\n<p>[\/vc_column_text][\/vc_column][\/vc_row][vc_row][vc_column][vc_empty_space][\/vc_column][\/vc_row]<\/p>\n","protected":false},"excerpt":{"rendered":"<p>[vc_row][vc_column][vc_empty_space height=&#8221;64px&#8221;][\/vc_column][\/vc_row][vc_row content_placement=&#8221;middle&#8221;][vc_column width=&#8221;1\/2&#8243;][vc_gallery type=&#8221;image_grid&#8221; images=&#8221;1215&#8243; img_size=&#8221;full&#8221; onclick=&#8221;&#8221;][\/vc_column][vc_column width=&#8221;1\/2&#8243;][vc_column_text] K\u0131zak ya\u011f\u0131, tak\u0131m tezgahlar\u0131n\u0131n k\u0131zaklar\u0131n\u0131n ya\u011flanmas\u0131 i\u00e7in \u00f6zel olarak imal edilmi\u015f, y\u00fcksek viskozite indeksli parafinik esasl\u0131 ya\u011flard\u0131r. [\/vc_column_text][\/vc_column][\/vc_row][vc_row][vc_column][vc_empty_space][\/vc_column][\/vc_row]<\/p>\n","protected":false},"author":1,"featured_media":0,"parent":0,"menu_order":0,"comment_status":"closed","ping_status":"closed","template":"","meta":{"footnotes":""},"class_list":["post-975","page","type-page","status-publish","hentry"],"_links":{"self":[{"href":"https:\/\/turpet.com.tr\/index.php?rest_route=\/wp\/v2\/pages\/975","targetHints":{"allow":["GET"]}}],"collection":[{"href":"https:\/\/turpet.com.tr\/index.php?rest_route=\/wp\/v2\/pages"}],"about":[{"href":"https:\/\/turpet.com.tr\/index.php?rest_route=\/wp\/v2\/types\/page"}],"author":[{"embeddable":true,"href":"https:\/\/turpet.com.tr\/index.php?rest_route=\/wp\/v2\/users\/1"}],"replies":[{"embeddable":true,"href":"https:\/\/turpet.com.tr\/index.php?rest_route=%2Fwp%2Fv2%2Fcomments&post=975"}],"version-history":[{"count":4,"href":"https:\/\/turpet.com.tr\/index.php?rest_route=\/wp\/v2\/pages\/975\/revisions"}],"predecessor-version":[{"id":1216,"href":"https:\/\/turpet.com.tr\/index.php?rest_route=\/wp\/v2\/pages\/975\/revisions\/1216"}],"wp:attachment":[{"href":"https:\/\/turpet.com.tr\/index.php?rest_route=%2Fwp%2Fv2%2Fmedia&parent=975"}],"curies":[{"name":"wp","href":"https:\/\/api.w.org\/{rel}","templated":true}]}}