{"id":952,"date":"2022-06-06T11:55:40","date_gmt":"2022-06-06T08:55:40","guid":{"rendered":"https:\/\/turpet.com.tr\/?page_id=952"},"modified":"2022-06-16T13:24:03","modified_gmt":"2022-06-16T10:24:03","slug":"koruyucu-yaglar","status":"publish","type":"page","link":"https:\/\/turpet.com.tr\/?page_id=952","title":{"rendered":"Koruyucu Ya\u011flar"},"content":{"rendered":"<p>[vc_row][vc_column][vc_empty_space height=&#8221;64px&#8221;][\/vc_column][\/vc_row][vc_row content_placement=&#8221;middle&#8221;][vc_column width=&#8221;1\/2&#8243;][vc_gallery type=&#8221;image_grid&#8221; images=&#8221;1230&#8243; img_size=&#8221;full&#8221; onclick=&#8221;&#8221;][\/vc_column][vc_column width=&#8221;1\/2&#8243;][vc_column_text]<\/p>\n<div class=\"elementor-element elementor-element-31ab621 elementor-widget elementor-widget-jet-single-excerpt\" data-id=\"31ab621\" data-element_type=\"widget\" data-widget_type=\"jet-single-excerpt.default\">\n<div class=\"elementor-widget-container\">\n<div class=\"elementor-jet-single-excerpt jet-woo-builder\">\n<div class=\"woocommerce-product-details__short-description\">\n<p style=\"text-align: center;\">Metal malzemelerin, kapal\u0131 alanda ara stoklanmas\u0131 veya ta\u015f\u0131nmas\u0131 s\u0131ras\u0131nda hava su nem gibi ortam ko\u015fullar\u0131nda oksitlenerek paslanmas\u0131n\u0131 \u00f6nleyen ve film tabakas\u0131 olu\u015fturan koruyucu bir ya\u011fd\u0131r. \u00d6zellikle kapal\u0131 alanda uzun s\u00fcre durmas\u0131 gereken par\u00e7alar i\u00e7in tavsiye edilir. Su giderme \u00f6zelli\u011fi geli\u015ftirilmi\u015f bir \u00fcr\u00fcn oldu\u011fu i\u00e7in i\u015flem sonras\u0131 a\u015f\u0131r\u0131 nemli kalm\u0131\u015f par\u00e7alar\u0131n korunmas\u0131 i\u00e7in kullan\u0131l\u0131r. 12 24ay kapal\u0131 alanda koruma sa\u011flar.<\/p>\n<\/div>\n<\/div>\n<\/div>\n<\/div>\n<p>[\/vc_column_text][\/vc_column][\/vc_row][vc_row][vc_column][vc_empty_space][\/vc_column][\/vc_row]<\/p>\n","protected":false},"excerpt":{"rendered":"<p>[vc_row][vc_column][vc_empty_space height=&#8221;64px&#8221;][\/vc_column][\/vc_row][vc_row content_placement=&#8221;middle&#8221;][vc_column width=&#8221;1\/2&#8243;][vc_gallery type=&#8221;image_grid&#8221; images=&#8221;1230&#8243; img_size=&#8221;full&#8221; onclick=&#8221;&#8221;][\/vc_column][vc_column width=&#8221;1\/2&#8243;][vc_column_text] Metal malzemelerin, kapal\u0131 alanda ara stoklanmas\u0131 veya ta\u015f\u0131nmas\u0131 s\u0131ras\u0131nda hava su nem gibi ortam ko\u015fullar\u0131nda oksitlenerek paslanmas\u0131n\u0131 \u00f6nleyen ve film tabakas\u0131 olu\u015fturan koruyucu bir ya\u011fd\u0131r. \u00d6zellikle kapal\u0131 alanda uzun s\u00fcre durmas\u0131&#8230;<\/p>\n","protected":false},"author":1,"featured_media":0,"parent":0,"menu_order":0,"comment_status":"closed","ping_status":"closed","template":"","meta":{"footnotes":""},"class_list":["post-952","page","type-page","status-publish","hentry"],"_links":{"self":[{"href":"https:\/\/turpet.com.tr\/index.php?rest_route=\/wp\/v2\/pages\/952","targetHints":{"allow":["GET"]}}],"collection":[{"href":"https:\/\/turpet.com.tr\/index.php?rest_route=\/wp\/v2\/pages"}],"about":[{"href":"https:\/\/turpet.com.tr\/index.php?rest_route=\/wp\/v2\/types\/page"}],"author":[{"embeddable":true,"href":"https:\/\/turpet.com.tr\/index.php?rest_route=\/wp\/v2\/users\/1"}],"replies":[{"embeddable":true,"href":"https:\/\/turpet.com.tr\/index.php?rest_route=%2Fwp%2Fv2%2Fcomments&post=952"}],"version-history":[{"count":11,"href":"https:\/\/turpet.com.tr\/index.php?rest_route=\/wp\/v2\/pages\/952\/revisions"}],"predecessor-version":[{"id":1231,"href":"https:\/\/turpet.com.tr\/index.php?rest_route=\/wp\/v2\/pages\/952\/revisions\/1231"}],"wp:attachment":[{"href":"https:\/\/turpet.com.tr\/index.php?rest_route=%2Fwp%2Fv2%2Fmedia&parent=952"}],"curies":[{"name":"wp","href":"https:\/\/api.w.org\/{rel}","templated":true}]}}