{"id":922,"date":"2022-06-06T11:46:57","date_gmt":"2022-06-06T08:46:57","guid":{"rendered":"https:\/\/turpet.com.tr\/?page_id=922"},"modified":"2022-06-16T12:37:13","modified_gmt":"2022-06-16T09:37:13","slug":"gresler","status":"publish","type":"page","link":"https:\/\/turpet.com.tr\/?page_id=922","title":{"rendered":"Gresler"},"content":{"rendered":"<p>[vc_row][vc_column][vc_empty_space height=&#8221;64px&#8221;][\/vc_column][\/vc_row][vc_row content_placement=&#8221;middle&#8221;][vc_column width=&#8221;1\/2&#8243;][vc_gallery type=&#8221;image_grid&#8221; images=&#8221;1070&#8243; img_size=&#8221;full&#8221; onclick=&#8221;&#8221;][\/vc_column][vc_column width=&#8221;1\/2&#8243;][vc_column_text]<\/p>\n<div class=\"elementor-element elementor-element-31ab621 elementor-widget elementor-widget-jet-single-excerpt\" data-id=\"31ab621\" data-element_type=\"widget\" data-widget_type=\"jet-single-excerpt.default\">\n<div class=\"elementor-widget-container\">\n<div class=\"elementor-jet-single-excerpt jet-woo-builder\">\n<div class=\"woocommerce-product-details__short-description\">\n<div id=\"WEB_ANSWERS_RESULT_0_Kf-dYsbxJ8mTxc8PtNqlsAM__49\">\n<div class=\"wDYxhc\" data-md=\"61\">\n<div class=\"LGOjhe\" style=\"text-align: center;\" role=\"heading\" data-attrid=\"wa:\/description\" aria-level=\"3\" data-hveid=\"CCYQAA\"><span class=\"ILfuVd\"><span class=\"hgKElc\"><b>Gres<\/b>\u00a0ya\u011flar\u0131nda ak\u0131\u015fkan k\u0131s\u0131m genellikle petrol esasl\u0131 mineral bir ya\u011f veya sentetik bir ak\u0131\u015fkan olup, kal\u0131nla\u015ft\u0131r\u0131c\u0131 k\u0131s\u0131m ise metalik bir sabundur.\u00a0<b>Gres ya\u011f\u0131<\/b>, \u00f6zellikle mekanik aksamlar\u0131n rahat\u00e7a i\u015fleyebilmesi ve a\u015f\u0131nman\u0131n \u00f6nlenmesi i\u00e7in t\u00fcm end\u00fcstriyel alanlarda kullan\u0131lmaktad\u0131r.<\/span><\/span><\/div>\n<\/div>\n<\/div>\n<div id=\"WEB_ANSWERS_STANDARD_RESULT_0_Kf-dYsbxJ8mTxc8PtNqlsAM__51\">\n<div class=\"g\">\n<div data-hveid=\"CCgQAA\" data-ved=\"2ahUKEwiGquW19Zj4AhXJSfEDHTRtCTYQFSgAegQIKBAA\">\n<div class=\"tF2Cxc\" style=\"text-align: center;\"><\/div>\n<\/div>\n<\/div>\n<\/div>\n<\/div>\n<\/div>\n<\/div>\n<\/div>\n<p>[\/vc_column_text][\/vc_column][\/vc_row][vc_row][vc_column][vc_empty_space][\/vc_column][\/vc_row]<\/p>\n","protected":false},"excerpt":{"rendered":"<p>[vc_row][vc_column][vc_empty_space height=&#8221;64px&#8221;][\/vc_column][\/vc_row][vc_row content_placement=&#8221;middle&#8221;][vc_column width=&#8221;1\/2&#8243;][vc_gallery type=&#8221;image_grid&#8221; images=&#8221;1070&#8243; img_size=&#8221;full&#8221; onclick=&#8221;&#8221;][\/vc_column][vc_column width=&#8221;1\/2&#8243;][vc_column_text] Gres\u00a0ya\u011flar\u0131nda ak\u0131\u015fkan k\u0131s\u0131m genellikle petrol esasl\u0131 mineral bir ya\u011f veya sentetik bir ak\u0131\u015fkan olup, kal\u0131nla\u015ft\u0131r\u0131c\u0131 k\u0131s\u0131m ise metalik bir sabundur.\u00a0Gres ya\u011f\u0131, \u00f6zellikle mekanik aksamlar\u0131n rahat\u00e7a i\u015fleyebilmesi ve a\u015f\u0131nman\u0131n \u00f6nlenmesi i\u00e7in t\u00fcm&#8230;<\/p>\n","protected":false},"author":1,"featured_media":0,"parent":0,"menu_order":0,"comment_status":"closed","ping_status":"closed","template":"","meta":{"footnotes":""},"class_list":["post-922","page","type-page","status-publish","hentry"],"_links":{"self":[{"href":"https:\/\/turpet.com.tr\/index.php?rest_route=\/wp\/v2\/pages\/922","targetHints":{"allow":["GET"]}}],"collection":[{"href":"https:\/\/turpet.com.tr\/index.php?rest_route=\/wp\/v2\/pages"}],"about":[{"href":"https:\/\/turpet.com.tr\/index.php?rest_route=\/wp\/v2\/types\/page"}],"author":[{"embeddable":true,"href":"https:\/\/turpet.com.tr\/index.php?rest_route=\/wp\/v2\/users\/1"}],"replies":[{"embeddable":true,"href":"https:\/\/turpet.com.tr\/index.php?rest_route=%2Fwp%2Fv2%2Fcomments&post=922"}],"version-history":[{"count":5,"href":"https:\/\/turpet.com.tr\/index.php?rest_route=\/wp\/v2\/pages\/922\/revisions"}],"predecessor-version":[{"id":1217,"href":"https:\/\/turpet.com.tr\/index.php?rest_route=\/wp\/v2\/pages\/922\/revisions\/1217"}],"wp:attachment":[{"href":"https:\/\/turpet.com.tr\/index.php?rest_route=%2Fwp%2Fv2%2Fmedia&parent=922"}],"curies":[{"name":"wp","href":"https:\/\/api.w.org\/{rel}","templated":true}]}}