{"id":921,"date":"2022-06-06T11:46:57","date_gmt":"2022-06-06T08:46:57","guid":{"rendered":"https:\/\/turpet.com.tr\/?page_id=921"},"modified":"2022-06-06T16:10:11","modified_gmt":"2022-06-06T13:10:11","slug":"zincir-yaglari","status":"publish","type":"page","link":"https:\/\/turpet.com.tr\/?page_id=921","title":{"rendered":"Zincir Ya\u011flar\u0131"},"content":{"rendered":"<p>[vc_row][vc_column][vc_empty_space height=&#8221;64px&#8221;][\/vc_column][\/vc_row][vc_row content_placement=&#8221;middle&#8221;][vc_column width=&#8221;1\/2&#8243;][vc_gallery type=&#8221;image_grid&#8221; images=&#8221;1054&#8243; img_size=&#8221;full&#8221; onclick=&#8221;&#8221;][\/vc_column][vc_column width=&#8221;1\/2&#8243;][vc_column_text]<\/p>\n<div class=\"elementor-element elementor-element-31ab621 elementor-widget elementor-widget-jet-single-excerpt\" data-id=\"31ab621\" data-element_type=\"widget\" data-widget_type=\"jet-single-excerpt.default\">\n<div class=\"elementor-widget-container\">\n<div class=\"elementor-jet-single-excerpt jet-woo-builder\">\n<div class=\"woocommerce-product-details__short-description\">\n<div class=\"section page-intro\">\n<div class=\"wrap\">\n<div class=\"inner-wrap\">\n<div class=\"content-wrap\">\n<p class=\"intro\" style=\"text-align: center;\">Zincirler g\u00fc\u00e7 aktar\u0131m\u0131n\u0131n \u00f6nemli tasar\u0131m unsurudur. G\u00fcvenilir zincir uygulamas\u0131 ve uzun \u00e7al\u0131\u015fma \u00f6mr\u00fc, \u00fcretici taraf\u0131ndan yap\u0131lan ilk ya\u011flama ve takip eden ya\u011flamalara \u00f6nemli \u00f6l\u00e7\u00fcde ba\u011fl\u0131d\u0131r. \u00d6zel zincir ya\u011flar\u0131m\u0131z, ekipman\u0131n\u0131z\u0131 zamans\u0131z a\u015f\u0131nmalara kar\u015f\u0131 korur ve zincirin \u00e7al\u0131\u015fma \u00f6mr\u00fcn\u00fc uzat\u0131r.<\/p>\n<\/div>\n<\/div>\n<\/div>\n<\/div>\n<div class=\"content-top\">\n<div class=\"section\">\n<div class=\"wrap\">\n<div class=\"inner-wrap\">\n<div class=\"content-block-list\">\n<div class=\"content-block-item\">\n<div class=\"media-content-wrap\">\n<div class=\"content\">\n<div class=\"editor-content\" style=\"text-align: center;\"><\/div>\n<\/div>\n<\/div>\n<\/div>\n<\/div>\n<\/div>\n<\/div>\n<\/div>\n<\/div>\n<\/div>\n<\/div>\n<\/div>\n<\/div>\n<p>[\/vc_column_text][\/vc_column][\/vc_row][vc_row][vc_column][vc_empty_space][\/vc_column][\/vc_row]<\/p>\n","protected":false},"excerpt":{"rendered":"<p>[vc_row][vc_column][vc_empty_space height=&#8221;64px&#8221;][\/vc_column][\/vc_row][vc_row content_placement=&#8221;middle&#8221;][vc_column width=&#8221;1\/2&#8243;][vc_gallery type=&#8221;image_grid&#8221; images=&#8221;1054&#8243; img_size=&#8221;full&#8221; onclick=&#8221;&#8221;][\/vc_column][vc_column width=&#8221;1\/2&#8243;][vc_column_text] Zincirler g\u00fc\u00e7 aktar\u0131m\u0131n\u0131n \u00f6nemli tasar\u0131m unsurudur. G\u00fcvenilir zincir uygulamas\u0131 ve uzun \u00e7al\u0131\u015fma \u00f6mr\u00fc, \u00fcretici taraf\u0131ndan yap\u0131lan ilk ya\u011flama ve takip eden ya\u011flamalara \u00f6nemli \u00f6l\u00e7\u00fcde ba\u011fl\u0131d\u0131r. \u00d6zel zincir ya\u011flar\u0131m\u0131z, ekipman\u0131n\u0131z\u0131 zamans\u0131z a\u015f\u0131nmalara&#8230;<\/p>\n","protected":false},"author":1,"featured_media":0,"parent":0,"menu_order":0,"comment_status":"closed","ping_status":"closed","template":"","meta":{"footnotes":""},"class_list":["post-921","page","type-page","status-publish","hentry"],"_links":{"self":[{"href":"https:\/\/turpet.com.tr\/index.php?rest_route=\/wp\/v2\/pages\/921","targetHints":{"allow":["GET"]}}],"collection":[{"href":"https:\/\/turpet.com.tr\/index.php?rest_route=\/wp\/v2\/pages"}],"about":[{"href":"https:\/\/turpet.com.tr\/index.php?rest_route=\/wp\/v2\/types\/page"}],"author":[{"embeddable":true,"href":"https:\/\/turpet.com.tr\/index.php?rest_route=\/wp\/v2\/users\/1"}],"replies":[{"embeddable":true,"href":"https:\/\/turpet.com.tr\/index.php?rest_route=%2Fwp%2Fv2%2Fcomments&post=921"}],"version-history":[{"count":4,"href":"https:\/\/turpet.com.tr\/index.php?rest_route=\/wp\/v2\/pages\/921\/revisions"}],"predecessor-version":[{"id":1056,"href":"https:\/\/turpet.com.tr\/index.php?rest_route=\/wp\/v2\/pages\/921\/revisions\/1056"}],"wp:attachment":[{"href":"https:\/\/turpet.com.tr\/index.php?rest_route=%2Fwp%2Fv2%2Fmedia&parent=921"}],"curies":[{"name":"wp","href":"https:\/\/api.w.org\/{rel}","templated":true}]}}