{"id":920,"date":"2022-06-06T11:46:57","date_gmt":"2022-06-06T08:46:57","guid":{"rendered":"https:\/\/turpet.com.tr\/?page_id=920"},"modified":"2022-06-06T16:17:12","modified_gmt":"2022-06-06T13:17:12","slug":"kompresor-yaglari","status":"publish","type":"page","link":"https:\/\/turpet.com.tr\/?page_id=920","title":{"rendered":"Kompres\u00f6r Ya\u011flar\u0131"},"content":{"rendered":"<p>[vc_row][vc_column][vc_empty_space height=&#8221;64px&#8221;][\/vc_column][\/vc_row][vc_row content_placement=&#8221;middle&#8221;][vc_column width=&#8221;1\/2&#8243;][vc_gallery type=&#8221;image_grid&#8221; images=&#8221;1066&#8243; img_size=&#8221;full&#8221; onclick=&#8221;&#8221;][\/vc_column][vc_column width=&#8221;1\/2&#8243;][vc_column_text]<\/p>\n<div class=\"elementor-element elementor-element-31ab621 elementor-widget elementor-widget-jet-single-excerpt\" data-id=\"31ab621\" data-element_type=\"widget\" data-widget_type=\"jet-single-excerpt.default\">\n<div class=\"elementor-widget-container\">\n<div class=\"elementor-jet-single-excerpt jet-woo-builder\">\n<div class=\"woocommerce-product-details__short-description\">\n<div id=\"WEB_ANSWERS_RESULT_0_7f2dYo-AJdCVxc8Plfu5SA__30\">\n<div class=\"wDYxhc\" data-md=\"61\">\n<div class=\"LGOjhe\" style=\"text-align: center;\" role=\"heading\" data-attrid=\"wa:\/description\" aria-level=\"3\" data-hveid=\"CCYQAA\"><span class=\"ILfuVd\"><span class=\"hgKElc\"><b>Kompres\u00f6r<\/b>\u00a0ya\u011f\u0131n\u0131n amac\u0131\u00a0<b>kompres\u00f6r\u00fcn<\/b> hareketli par\u00e7alar\u0131n\u0131 ya\u011flamak ve so\u011futmakt\u0131r. Ya\u011f tabakas\u0131 ayn\u0131 zamanda, so\u011futma hatt\u0131ndaki ve ba\u011flant\u0131lardaki kau\u00e7uk contalar\u0131 koruyarak s\u0131zan so\u011futucu madde miktar\u0131n\u0131 azalt\u0131r.<\/span><\/span><\/div>\n<\/div>\n<\/div>\n<div id=\"WEB_ANSWERS_STANDARD_RESULT_0_7f2dYo-AJdCVxc8Plfu5SA__31\">\n<div class=\"g\">\n<div data-hveid=\"CCcQAA\" data-ved=\"2ahUKEwjPqouf9Jj4AhXQSvEDHZV9DgkQFSgAegQIJxAA\">\n<div class=\"tF2Cxc\" style=\"text-align: center;\"><\/div>\n<\/div>\n<\/div>\n<\/div>\n<\/div>\n<\/div>\n<\/div>\n<\/div>\n<p>[\/vc_column_text][\/vc_column][\/vc_row][vc_row][vc_column][vc_empty_space][\/vc_column][\/vc_row]<\/p>\n","protected":false},"excerpt":{"rendered":"<p>[vc_row][vc_column][vc_empty_space height=&#8221;64px&#8221;][\/vc_column][\/vc_row][vc_row content_placement=&#8221;middle&#8221;][vc_column width=&#8221;1\/2&#8243;][vc_gallery type=&#8221;image_grid&#8221; images=&#8221;1066&#8243; img_size=&#8221;full&#8221; onclick=&#8221;&#8221;][\/vc_column][vc_column width=&#8221;1\/2&#8243;][vc_column_text] Kompres\u00f6r\u00a0ya\u011f\u0131n\u0131n amac\u0131\u00a0kompres\u00f6r\u00fcn hareketli par\u00e7alar\u0131n\u0131 ya\u011flamak ve so\u011futmakt\u0131r. Ya\u011f tabakas\u0131 ayn\u0131 zamanda, so\u011futma hatt\u0131ndaki ve ba\u011flant\u0131lardaki kau\u00e7uk contalar\u0131 koruyarak s\u0131zan so\u011futucu madde miktar\u0131n\u0131 azalt\u0131r. [\/vc_column_text][\/vc_column][\/vc_row][vc_row][vc_column][vc_empty_space][\/vc_column][\/vc_row]<\/p>\n","protected":false},"author":1,"featured_media":0,"parent":0,"menu_order":0,"comment_status":"closed","ping_status":"closed","template":"","meta":{"footnotes":""},"class_list":["post-920","page","type-page","status-publish","hentry"],"_links":{"self":[{"href":"https:\/\/turpet.com.tr\/index.php?rest_route=\/wp\/v2\/pages\/920","targetHints":{"allow":["GET"]}}],"collection":[{"href":"https:\/\/turpet.com.tr\/index.php?rest_route=\/wp\/v2\/pages"}],"about":[{"href":"https:\/\/turpet.com.tr\/index.php?rest_route=\/wp\/v2\/types\/page"}],"author":[{"embeddable":true,"href":"https:\/\/turpet.com.tr\/index.php?rest_route=\/wp\/v2\/users\/1"}],"replies":[{"embeddable":true,"href":"https:\/\/turpet.com.tr\/index.php?rest_route=%2Fwp%2Fv2%2Fcomments&post=920"}],"version-history":[{"count":4,"href":"https:\/\/turpet.com.tr\/index.php?rest_route=\/wp\/v2\/pages\/920\/revisions"}],"predecessor-version":[{"id":1067,"href":"https:\/\/turpet.com.tr\/index.php?rest_route=\/wp\/v2\/pages\/920\/revisions\/1067"}],"wp:attachment":[{"href":"https:\/\/turpet.com.tr\/index.php?rest_route=%2Fwp%2Fv2%2Fmedia&parent=920"}],"curies":[{"name":"wp","href":"https:\/\/api.w.org\/{rel}","templated":true}]}}