{"id":919,"date":"2022-06-06T11:46:57","date_gmt":"2022-06-06T08:46:57","guid":{"rendered":"https:\/\/turpet.com.tr\/?page_id=919"},"modified":"2022-06-16T12:29:17","modified_gmt":"2022-06-16T09:29:17","slug":"disli-yaglari","status":"publish","type":"page","link":"https:\/\/turpet.com.tr\/?page_id=919","title":{"rendered":"Di\u015fli Ya\u011flar\u0131"},"content":{"rendered":"<p>[vc_row][vc_column][vc_empty_space height=&#8221;64px&#8221;][\/vc_column][\/vc_row][vc_row content_placement=&#8221;middle&#8221;][vc_column width=&#8221;1\/2&#8243;][vc_gallery type=&#8221;image_grid&#8221; images=&#8221;1062&#8243; img_size=&#8221;full&#8221; onclick=&#8221;&#8221;][\/vc_column][vc_column width=&#8221;1\/2&#8243;][vc_column_text]<\/p>\n<div class=\"elementor-element elementor-element-31ab621 elementor-widget elementor-widget-jet-single-excerpt\" data-id=\"31ab621\" data-element_type=\"widget\" data-widget_type=\"jet-single-excerpt.default\">\n<div class=\"elementor-widget-container\">\n<div class=\"elementor-jet-single-excerpt jet-woo-builder\">\n<div class=\"woocommerce-product-details__short-description\">\n<div id=\"WEB_ANSWERS_RESULT_0_ev2dYsn-BvyQxc8P7IKwgAI__37\">\n<div class=\"wDYxhc\" data-md=\"61\">\n<div class=\"LGOjhe\" style=\"text-align: center;\" role=\"heading\" data-attrid=\"wa:\/description\" aria-level=\"3\" data-hveid=\"CCMQAA\">Parafinik esasl\u0131 baz ya\u011flara \u00f6zel paket katk\u0131 ilavesi ile \u00fcretilen kapal\u0131 sistem sanayi di\u015fli ya\u011f\u0131d\u0131r.<\/div>\n<div role=\"heading\" data-attrid=\"wa:\/description\" aria-level=\"3\" data-hveid=\"CCMQAA\"><strong>Kullan\u0131m Yerleri<\/strong><\/div>\n<div role=\"heading\" data-attrid=\"wa:\/description\" aria-level=\"3\" data-hveid=\"CCMQAA\">Banyo, s\u0131\u00e7ratma, sprey tip ya\u011flama sistemlerinde kapal\u0131 di\u015flilerde, red\u00fckt\u00f6rlerde d\u00fcz ve rulmanl\u0131 yataklar , esnek kavramalar ve buna benzer end\u00fcstriyel ekipmanlarda \u00f6zellikle a\u011f\u0131r y\u00fck ve a\u015f\u0131r\u0131 bas\u0131n\u00e7 \u015fartlar\u0131nda kullan\u0131l\u0131r. Mist ya\u011flama sistemiyle ya\u011flar\u0131n di\u015fli kutular\u0131nda da kullan\u0131l\u0131r.<\/div>\n<\/div>\n<\/div>\n<\/div>\n<\/div>\n<\/div>\n<\/div>\n<p>[\/vc_column_text][\/vc_column][\/vc_row][vc_row][vc_column][vc_empty_space][\/vc_column][\/vc_row]<\/p>\n","protected":false},"excerpt":{"rendered":"<p>[vc_row][vc_column][vc_empty_space height=&#8221;64px&#8221;][\/vc_column][\/vc_row][vc_row content_placement=&#8221;middle&#8221;][vc_column width=&#8221;1\/2&#8243;][vc_gallery type=&#8221;image_grid&#8221; images=&#8221;1062&#8243; img_size=&#8221;full&#8221; onclick=&#8221;&#8221;][\/vc_column][vc_column width=&#8221;1\/2&#8243;][vc_column_text] Parafinik esasl\u0131 baz ya\u011flara \u00f6zel paket katk\u0131 ilavesi ile \u00fcretilen kapal\u0131 sistem sanayi di\u015fli ya\u011f\u0131d\u0131r. Kullan\u0131m Yerleri Banyo, s\u0131\u00e7ratma, sprey tip ya\u011flama sistemlerinde kapal\u0131 di\u015flilerde, red\u00fckt\u00f6rlerde d\u00fcz ve rulmanl\u0131 yataklar ,&#8230;<\/p>\n","protected":false},"author":1,"featured_media":0,"parent":0,"menu_order":0,"comment_status":"closed","ping_status":"closed","template":"","meta":{"footnotes":""},"class_list":["post-919","page","type-page","status-publish","hentry"],"_links":{"self":[{"href":"https:\/\/turpet.com.tr\/index.php?rest_route=\/wp\/v2\/pages\/919","targetHints":{"allow":["GET"]}}],"collection":[{"href":"https:\/\/turpet.com.tr\/index.php?rest_route=\/wp\/v2\/pages"}],"about":[{"href":"https:\/\/turpet.com.tr\/index.php?rest_route=\/wp\/v2\/types\/page"}],"author":[{"embeddable":true,"href":"https:\/\/turpet.com.tr\/index.php?rest_route=\/wp\/v2\/users\/1"}],"replies":[{"embeddable":true,"href":"https:\/\/turpet.com.tr\/index.php?rest_route=%2Fwp%2Fv2%2Fcomments&post=919"}],"version-history":[{"count":5,"href":"https:\/\/turpet.com.tr\/index.php?rest_route=\/wp\/v2\/pages\/919\/revisions"}],"predecessor-version":[{"id":1214,"href":"https:\/\/turpet.com.tr\/index.php?rest_route=\/wp\/v2\/pages\/919\/revisions\/1214"}],"wp:attachment":[{"href":"https:\/\/turpet.com.tr\/index.php?rest_route=%2Fwp%2Fv2%2Fmedia&parent=919"}],"curies":[{"name":"wp","href":"https:\/\/api.w.org\/{rel}","templated":true}]}}