{"id":917,"date":"2022-06-06T11:46:57","date_gmt":"2022-06-06T08:46:57","guid":{"rendered":"https:\/\/turpet.com.tr\/?page_id=917"},"modified":"2022-06-16T12:21:35","modified_gmt":"2022-06-16T09:21:35","slug":"hidrolik-yaglar","status":"publish","type":"page","link":"https:\/\/turpet.com.tr\/?page_id=917","title":{"rendered":"Hidrolik Ya\u011flar"},"content":{"rendered":"<p>[vc_row][vc_column][vc_empty_space height=&#8221;64px&#8221;][\/vc_column][\/vc_row][vc_row content_placement=&#8221;middle&#8221;][vc_column width=&#8221;1\/2&#8243;][vc_gallery type=&#8221;image_grid&#8221; images=&#8221;1212&#8243; img_size=&#8221;full&#8221; onclick=&#8221;&#8221;][\/vc_column][vc_column width=&#8221;1\/2&#8243;][vc_column_text]<\/p>\n<div class=\"elementor-element elementor-element-31ab621 elementor-widget elementor-widget-jet-single-excerpt\" data-id=\"31ab621\" data-element_type=\"widget\" data-widget_type=\"jet-single-excerpt.default\">\n<div class=\"elementor-widget-container\">\n<div class=\"elementor-jet-single-excerpt jet-woo-builder\">\n<div class=\"woocommerce-product-details__short-description\">\n<p style=\"text-align: center;\">Kaliteli baz ya\u011flarla \u00fcretilen, y\u00fcksek stabiliteye sahip, a\u015f\u0131nma, oksidasyon ve pas \u00f6nleyici kat\u0131klar i\u00e7eren ya\u011fd\u0131r. T\u00fcm end\u00fcstriyel ve hareketli hidrolik sistemler i\u00e7in tavsiye edilir. \u00d6zel end\u00fcstriyel uygulamalar\u0131 i\u00e7inde i\u015f makinalar\u0131, presler, hareketli yap\u0131 ekipmanlar\u0131, plastik enjeksiyon ve \u00e7ekme makinalar\u0131, hava kompres\u00f6rleri yer al\u0131r. T\u00fcm end\u00fcstriyel ve hareketli yap\u0131 ekipmanlar\u0131, plastik enjeksiyon, \u00e7ekme makinalari ve hava kompres\u00f6rleri yer al\u0131r.<\/p>\n<\/div>\n<\/div>\n<\/div>\n<\/div>\n<p>[\/vc_column_text][\/vc_column][\/vc_row][vc_row][vc_column][vc_empty_space][\/vc_column][\/vc_row]<\/p>\n","protected":false},"excerpt":{"rendered":"<p>[vc_row][vc_column][vc_empty_space height=&#8221;64px&#8221;][\/vc_column][\/vc_row][vc_row content_placement=&#8221;middle&#8221;][vc_column width=&#8221;1\/2&#8243;][vc_gallery type=&#8221;image_grid&#8221; images=&#8221;1212&#8243; img_size=&#8221;full&#8221; onclick=&#8221;&#8221;][\/vc_column][vc_column width=&#8221;1\/2&#8243;][vc_column_text] Kaliteli baz ya\u011flarla \u00fcretilen, y\u00fcksek stabiliteye sahip, a\u015f\u0131nma, oksidasyon ve pas \u00f6nleyici kat\u0131klar i\u00e7eren ya\u011fd\u0131r. T\u00fcm end\u00fcstriyel ve hareketli hidrolik sistemler i\u00e7in tavsiye edilir. \u00d6zel end\u00fcstriyel uygulamalar\u0131 i\u00e7inde i\u015f makinalar\u0131, presler,&#8230;<\/p>\n","protected":false},"author":1,"featured_media":0,"parent":0,"menu_order":0,"comment_status":"closed","ping_status":"closed","template":"","meta":{"footnotes":""},"class_list":["post-917","page","type-page","status-publish","hentry"],"_links":{"self":[{"href":"https:\/\/turpet.com.tr\/index.php?rest_route=\/wp\/v2\/pages\/917","targetHints":{"allow":["GET"]}}],"collection":[{"href":"https:\/\/turpet.com.tr\/index.php?rest_route=\/wp\/v2\/pages"}],"about":[{"href":"https:\/\/turpet.com.tr\/index.php?rest_route=\/wp\/v2\/types\/page"}],"author":[{"embeddable":true,"href":"https:\/\/turpet.com.tr\/index.php?rest_route=\/wp\/v2\/users\/1"}],"replies":[{"embeddable":true,"href":"https:\/\/turpet.com.tr\/index.php?rest_route=%2Fwp%2Fv2%2Fcomments&post=917"}],"version-history":[{"count":6,"href":"https:\/\/turpet.com.tr\/index.php?rest_route=\/wp\/v2\/pages\/917\/revisions"}],"predecessor-version":[{"id":1213,"href":"https:\/\/turpet.com.tr\/index.php?rest_route=\/wp\/v2\/pages\/917\/revisions\/1213"}],"wp:attachment":[{"href":"https:\/\/turpet.com.tr\/index.php?rest_route=%2Fwp%2Fv2%2Fmedia&parent=917"}],"curies":[{"name":"wp","href":"https:\/\/api.w.org\/{rel}","templated":true}]}}