{"id":820,"date":"2022-06-05T23:17:30","date_gmt":"2022-06-05T20:17:30","guid":{"rendered":"https:\/\/turpet.com.tr\/?page_id=820"},"modified":"2022-06-28T11:46:50","modified_gmt":"2022-06-28T08:46:50","slug":"iletisim","status":"publish","type":"page","link":"https:\/\/turpet.com.tr\/?page_id=820","title":{"rendered":"\u0130leti\u015fim"},"content":{"rendered":"<p>[vc_row][vc_column][vc_empty_space height=&#8221;64px&#8221;][\/vc_column][\/vc_row][vc_row gap=&#8221;10&#8243;][vc_column width=&#8221;1\/2&#8243;][vc_column_text]<iframe loading=\"lazy\" style=\"border: 0;\" src=\"https:\/\/www.google.com\/maps\/embed?pb=!1m16!1m12!1m3!1d3007.1400353650192!2d28.791191115078544!3d41.08778687929286!2m3!1f0!2f0!3f0!3m2!1i1024!2i768!4f13.1!2m1!1zxLBraXRlbGxpIE9TQiBNYWguIEVza29vcCBDNS0zIEJsb2sgTm86IDI1OSDEsMOnIEthcMSxIE5vOiAyNTkgQmHFn2FrxZ9laGlyL8Swc3RhbmJ1bA!5e0!3m2!1str!2str!4v1655811799139!5m2!1str!2str\" width=\"600\" height=\"450\" allowfullscreen=\"allowfullscreen\"><\/iframe>[\/vc_column_text][\/vc_column][vc_column width=&#8221;1\/2&#8243;][vc_custom_heading text=&#8221;\u0130leti\u015fim Bilgileri&#8221; font_container=&#8221;tag:div|font_size:25|text_align:left&#8221; google_fonts=&#8221;font_family:Roboto%20Condensed%3A300%2C300italic%2Cregular%2Citalic%2C700%2C700italic|font_style:400%20regular%3A400%3Anormal&#8221;][vc_row_inner][vc_column_inner width=&#8221;1\/5&#8243;][vc_separator color=&#8221;orange&#8221; align=&#8221;align_left&#8221; border_width=&#8221;4&#8243; css=&#8221;.vc_custom_1654464083592{padding-right: 32px !important;}&#8221;][vc_empty_space height=&#8221;16px&#8221;][\/vc_column_inner][vc_column_inner width=&#8221;1\/5&#8243;][\/vc_column_inner][vc_column_inner width=&#8221;1\/5&#8243;][\/vc_column_inner][vc_column_inner width=&#8221;1\/5&#8243;][\/vc_column_inner][vc_column_inner width=&#8221;1\/5&#8243;][\/vc_column_inner][\/vc_row_inner][vc_column_text]<strong>Adres: <\/strong>\u0130kitelli OSB Mah. Eskoop C5-3 Blok No: 259 \u0130\u00e7 Kap\u0131 No: 259 Ba\u015fak\u015fehir\/\u0130stanbul<\/p>\n<p><strong>Telefon: <\/strong>0212 485 8840<\/p>\n<p><strong>Gsm:<\/strong> 0533 281 81 40<\/p>\n<p><strong>Gsm2:<\/strong> 0532 280 31 28<\/p>\n<p><strong>Gsm3:<\/strong> 0541 419 28 44<\/p>\n<p><strong>E-posta: <\/strong><a href=\"mailto:info@turpet.com.tr\">info@turpet.com.tr<\/a>[\/vc_column_text][vc_empty_space][vc_column_text]<\/p>\n<button class='pum-trigger  popmake-874  ' data-do-default=''>\u0130leti\u015fim Formu<\/button>\n<p>[\/vc_column_text][\/vc_column][\/vc_row][vc_row][vc_column][vc_empty_space][\/vc_column][\/vc_row]<\/p>\n","protected":false},"excerpt":{"rendered":"<p>[vc_row][vc_column][vc_empty_space height=&#8221;64px&#8221;][\/vc_column][\/vc_row][vc_row gap=&#8221;10&#8243;][vc_column width=&#8221;1\/2&#8243;][vc_column_text][\/vc_column_text][\/vc_column][vc_column width=&#8221;1\/2&#8243;][vc_custom_heading text=&#8221;\u0130leti\u015fim Bilgileri&#8221; font_container=&#8221;tag:div|font_size:25|text_align:left&#8221; google_fonts=&#8221;font_family:Roboto%20Condensed%3A300%2C300italic%2Cregular%2Citalic%2C700%2C700italic|font_style:400%20regular%3A400%3Anormal&#8221;][vc_row_inner][vc_column_inner width=&#8221;1\/5&#8243;][vc_separator color=&#8221;orange&#8221; align=&#8221;align_left&#8221; border_width=&#8221;4&#8243; css=&#8221;.vc_custom_1654464083592{padding-right: 32px !important;}&#8221;][vc_empty_space height=&#8221;16px&#8221;][\/vc_column_inner][vc_column_inner width=&#8221;1\/5&#8243;][\/vc_column_inner][vc_column_inner width=&#8221;1\/5&#8243;][\/vc_column_inner][vc_column_inner width=&#8221;1\/5&#8243;][\/vc_column_inner][vc_column_inner width=&#8221;1\/5&#8243;][\/vc_column_inner][\/vc_row_inner][vc_column_text]Adres: \u0130kitelli OSB Mah. Eskoop C5-3 Blok No: 259 \u0130\u00e7 Kap\u0131 No: 259 Ba\u015fak\u015fehir\/\u0130stanbul Telefon: 0212 485 8840 Gsm: 0533&#8230;<\/p>\n","protected":false},"author":1,"featured_media":0,"parent":0,"menu_order":0,"comment_status":"closed","ping_status":"closed","template":"","meta":{"footnotes":""},"class_list":["post-820","page","type-page","status-publish","hentry"],"_links":{"self":[{"href":"https:\/\/turpet.com.tr\/index.php?rest_route=\/wp\/v2\/pages\/820","targetHints":{"allow":["GET"]}}],"collection":[{"href":"https:\/\/turpet.com.tr\/index.php?rest_route=\/wp\/v2\/pages"}],"about":[{"href":"https:\/\/turpet.com.tr\/index.php?rest_route=\/wp\/v2\/types\/page"}],"author":[{"embeddable":true,"href":"https:\/\/turpet.com.tr\/index.php?rest_route=\/wp\/v2\/users\/1"}],"replies":[{"embeddable":true,"href":"https:\/\/turpet.com.tr\/index.php?rest_route=%2Fwp%2Fv2%2Fcomments&post=820"}],"version-history":[{"count":39,"href":"https:\/\/turpet.com.tr\/index.php?rest_route=\/wp\/v2\/pages\/820\/revisions"}],"predecessor-version":[{"id":1297,"href":"https:\/\/turpet.com.tr\/index.php?rest_route=\/wp\/v2\/pages\/820\/revisions\/1297"}],"wp:attachment":[{"href":"https:\/\/turpet.com.tr\/index.php?rest_route=%2Fwp%2Fv2%2Fmedia&parent=820"}],"curies":[{"name":"wp","href":"https:\/\/api.w.org\/{rel}","templated":true}]}}