{"id":819,"date":"2022-06-05T23:17:30","date_gmt":"2022-06-05T20:17:30","guid":{"rendered":"https:\/\/turpet.com.tr\/?page_id=819"},"modified":"2022-07-06T15:35:44","modified_gmt":"2022-07-06T12:35:44","slug":"urunler","status":"publish","type":"page","link":"https:\/\/turpet.com.tr\/?page_id=819","title":{"rendered":"\u00dcr\u00fcnler"},"content":{"rendered":"<p>[vc_row][vc_column][vc_empty_space][\/vc_column][\/vc_row][vc_row content_placement=&#8221;top&#8221; css=&#8221;.vc_custom_1654523619633{background-position: center !important;background-repeat: no-repeat !important;background-size: cover !important;}&#8221;][vc_column width=&#8221;1\/3&#8243;][vc_empty_space height=&#8221;64px&#8221;][vc_single_image image=&#8221;1107&#8243; img_size=&#8221;full&#8221; alignment=&#8221;center&#8221;][\/vc_column][vc_column width=&#8221;1\/3&#8243;][vc_custom_heading text=&#8221;Metal \u0130\u015fleme Ya\u011flar\u0131&#8221; font_container=&#8221;tag:div|font_size:30|text_align:left&#8221; google_fonts=&#8221;font_family:Roboto%20Condensed%3A300%2C300italic%2Cregular%2Citalic%2C700%2C700italic|font_style:400%20regular%3A400%3Anormal&#8221;][vc_row_inner][vc_column_inner width=&#8221;1\/5&#8243;][vc_separator color=&#8221;orange&#8221; align=&#8221;align_left&#8221; border_width=&#8221;4&#8243;][vc_empty_space height=&#8221;48px&#8221;][\/vc_column_inner][vc_column_inner width=&#8221;1\/5&#8243;][\/vc_column_inner][vc_column_inner width=&#8221;1\/5&#8243;][\/vc_column_inner][vc_column_inner width=&#8221;1\/5&#8243;][\/vc_column_inner][vc_column_inner width=&#8221;1\/5&#8243;][\/vc_column_inner][\/vc_row_inner][vc_column_text]<strong><a href=\"https:\/\/turpet.com.tr\/?page_id=952\">\u25c6 Koruyucu Ya\u011flar<\/a><\/strong><\/p>\n<p><strong><a href=\"https:\/\/turpet.com.tr\/?page_id=954\">\u25c6 Is\u0131l \u0130\u015flem Ya\u011flar\u0131<\/a><\/strong><\/p>\n<p><strong><a href=\"https:\/\/turpet.com.tr\/?page_id=955\">\u25c6 S\u0131cak \u015eekil Verme Ya\u011flar\u0131<\/a><\/strong><\/p>\n<p><strong><a href=\"https:\/\/turpet.com.tr\/?page_id=956\">\u25c6 Temizleyiciler<\/a><\/strong><\/p>\n<p><strong><a href=\"https:\/\/turpet.com.tr\/?page_id=975\">\u25c6 K\u0131zak Ya\u011flar\u0131<\/a><\/strong><\/p>\n<p><strong><a href=\"https:\/\/turpet.com.tr\/?page_id=977\">\u25c6 P\u00fcr Kesme Ya\u011flar\u0131<\/a><\/strong>[\/vc_column_text][\/vc_column][vc_column width=&#8221;1\/3&#8243;][vc_custom_heading text=&#8221;End\u00fcstriyel Ya\u011flar&#8221; font_container=&#8221;tag:div|font_size:30|text_align:left&#8221; google_fonts=&#8221;font_family:Roboto%20Condensed%3A300%2C300italic%2Cregular%2Citalic%2C700%2C700italic|font_style:400%20regular%3A400%3Anormal&#8221;][vc_row_inner][vc_column_inner width=&#8221;1\/5&#8243;][vc_separator color=&#8221;orange&#8221; align=&#8221;align_left&#8221; border_width=&#8221;4&#8243;][vc_empty_space height=&#8221;48px&#8221;][\/vc_column_inner][vc_column_inner width=&#8221;1\/5&#8243;][\/vc_column_inner][vc_column_inner width=&#8221;1\/5&#8243;][\/vc_column_inner][vc_column_inner width=&#8221;1\/5&#8243;][\/vc_column_inner][vc_column_inner width=&#8221;1\/5&#8243;][\/vc_column_inner][\/vc_row_inner][vc_column_text]<strong><a href=\"https:\/\/turpet.com.tr\/?page_id=917\">\u25c6 Hidrolik Ya\u011flar<\/a><\/strong><\/p>\n<p><strong><a href=\"https:\/\/turpet.com.tr\/?page_id=921\">\u25c6 Zincir Ya\u011flar\u0131<\/a><\/strong><\/p>\n<p><strong><a href=\"https:\/\/turpet.com.tr\/?page_id=918\">\u25c6 T\u00fcrbin Ya\u011flar\u0131<\/a><\/strong><\/p>\n<p><strong><a href=\"https:\/\/turpet.com.tr\/?page_id=919\">\u25c6 Di\u015fli Ya\u011flar\u0131<\/a><\/strong><\/p>\n<p><strong><a href=\"https:\/\/turpet.com.tr\/?page_id=920\">\u25c6 Kompres\u00f6r Ya\u011flar\u0131<\/a><\/strong><\/p>\n<p><strong><a href=\"https:\/\/turpet.com.tr\/?page_id=922\">\u25c6 Gresler<\/a><\/strong><\/p>\n<p><strong><a href=\"https:\/\/turpet.com.tr\/?page_id=978\">\u25c6 Tekstil Ya\u011flar\u0131<\/a><\/strong><\/p>\n<p><strong><a href=\"https:\/\/turpet.com.tr\/?page_id=979\">\u25c6 CNC So\u011futma S\u0131v\u0131lar\u0131<\/a><\/strong>[\/vc_column_text][\/vc_column][\/vc_row][vc_row][vc_column][vc_empty_space][\/vc_column][\/vc_row]<\/p>\n","protected":false},"excerpt":{"rendered":"<p>[vc_row][vc_column][vc_empty_space][\/vc_column][\/vc_row][vc_row content_placement=&#8221;top&#8221; css=&#8221;.vc_custom_1654523619633{background-position: center !important;background-repeat: no-repeat !important;background-size: cover !important;}&#8221;][vc_column width=&#8221;1\/3&#8243;][vc_empty_space height=&#8221;64px&#8221;][vc_single_image image=&#8221;1107&#8243; img_size=&#8221;full&#8221; alignment=&#8221;center&#8221;][\/vc_column][vc_column width=&#8221;1\/3&#8243;][vc_custom_heading text=&#8221;Metal \u0130\u015fleme Ya\u011flar\u0131&#8221; font_container=&#8221;tag:div|font_size:30|text_align:left&#8221; google_fonts=&#8221;font_family:Roboto%20Condensed%3A300%2C300italic%2Cregular%2Citalic%2C700%2C700italic|font_style:400%20regular%3A400%3Anormal&#8221;][vc_row_inner][vc_column_inner width=&#8221;1\/5&#8243;][vc_separator color=&#8221;orange&#8221; align=&#8221;align_left&#8221; border_width=&#8221;4&#8243;][vc_empty_space height=&#8221;48px&#8221;][\/vc_column_inner][vc_column_inner width=&#8221;1\/5&#8243;][\/vc_column_inner][vc_column_inner width=&#8221;1\/5&#8243;][\/vc_column_inner][vc_column_inner width=&#8221;1\/5&#8243;][\/vc_column_inner][vc_column_inner width=&#8221;1\/5&#8243;][\/vc_column_inner][\/vc_row_inner][vc_column_text]\u25c6 Koruyucu Ya\u011flar \u25c6 Is\u0131l \u0130\u015flem Ya\u011flar\u0131 \u25c6 S\u0131cak \u015eekil Verme Ya\u011flar\u0131&#8230;<\/p>\n","protected":false},"author":1,"featured_media":0,"parent":0,"menu_order":0,"comment_status":"closed","ping_status":"closed","template":"","meta":{"footnotes":""},"class_list":["post-819","page","type-page","status-publish","hentry"],"_links":{"self":[{"href":"https:\/\/turpet.com.tr\/index.php?rest_route=\/wp\/v2\/pages\/819","targetHints":{"allow":["GET"]}}],"collection":[{"href":"https:\/\/turpet.com.tr\/index.php?rest_route=\/wp\/v2\/pages"}],"about":[{"href":"https:\/\/turpet.com.tr\/index.php?rest_route=\/wp\/v2\/types\/page"}],"author":[{"embeddable":true,"href":"https:\/\/turpet.com.tr\/index.php?rest_route=\/wp\/v2\/users\/1"}],"replies":[{"embeddable":true,"href":"https:\/\/turpet.com.tr\/index.php?rest_route=%2Fwp%2Fv2%2Fcomments&post=819"}],"version-history":[{"count":31,"href":"https:\/\/turpet.com.tr\/index.php?rest_route=\/wp\/v2\/pages\/819\/revisions"}],"predecessor-version":[{"id":1300,"href":"https:\/\/turpet.com.tr\/index.php?rest_route=\/wp\/v2\/pages\/819\/revisions\/1300"}],"wp:attachment":[{"href":"https:\/\/turpet.com.tr\/index.php?rest_route=%2Fwp%2Fv2%2Fmedia&parent=819"}],"curies":[{"name":"wp","href":"https:\/\/api.w.org\/{rel}","templated":true}]}}