{"id":817,"date":"2022-06-05T23:17:30","date_gmt":"2022-06-05T20:17:30","guid":{"rendered":"https:\/\/turpet.com.tr\/?page_id=817"},"modified":"2022-06-20T00:06:08","modified_gmt":"2022-06-19T21:06:08","slug":"hakkimizda","status":"publish","type":"page","link":"https:\/\/turpet.com.tr\/?page_id=817","title":{"rendered":"Hakk\u0131m\u0131zda"},"content":{"rendered":"<p>[vc_row][vc_column][vc_empty_space height=&#8221;64px&#8221;][\/vc_column][\/vc_row][vc_row][vc_column width=&#8221;1\/2&#8243;][vc_single_image image=&#8221;903&#8243; img_size=&#8221;full&#8221; alignment=&#8221;center&#8221;][\/vc_column][vc_column width=&#8221;1\/2&#8243;][vc_custom_heading text=&#8221;\u015eirket Bilgileri&#8221; font_container=&#8221;tag:div|font_size:25|text_align:left&#8221; google_fonts=&#8221;font_family:Roboto%20Condensed%3A300%2C300italic%2Cregular%2Citalic%2C700%2C700italic|font_style:400%20regular%3A400%3Anormal&#8221;][vc_row_inner][vc_column_inner width=&#8221;1\/5&#8243;][vc_separator color=&#8221;orange&#8221; align=&#8221;align_left&#8221; border_width=&#8221;4&#8243; css=&#8221;.vc_custom_1654504160020{padding-right: 32px !important;}&#8221;][vc_empty_space height=&#8221;16px&#8221;][\/vc_column_inner][vc_column_inner width=&#8221;1\/5&#8243;][\/vc_column_inner][vc_column_inner width=&#8221;1\/5&#8243;][\/vc_column_inner][vc_column_inner width=&#8221;1\/5&#8243;][\/vc_column_inner][vc_column_inner width=&#8221;1\/5&#8243;][\/vc_column_inner][\/vc_row_inner][vc_column_text]D\u00fcnyan\u0131n \u00f6nde gelen madeni ya\u011f \u00fcreticilerinin end\u00fcstriyel \u00fcr\u00fcnlerinin sat\u0131\u015f\u0131n\u0131 yapan Turpet Madeni Ya\u011flar, sekt\u00f6rdeki faaliyetlerine \u00e7eyrek as\u0131rd\u0131r devam etmektedir.<\/p>\n<p>Madeni ya\u011flar konusunda uzman kadrosuyla sekt\u00f6r\u00fcn \u00f6nc\u00fc ve y\u00f6nveren firmalar\u0131ndand\u0131r.<\/p>\n<p>Turpet, hedefleri ve stratejisi do\u011frultusunda s\u00fcrd\u00fcr\u00fclebilirli\u011fi ve geli\u015fimiyle \u00e7\u00f6z\u00fcm odakl\u0131 ilkeleri g\u00fcnden g\u00fcne b\u00fcy\u00fcyen bir firma olmaktad\u0131r.<\/p>\n<p>Turpet, yurti\u00e7inde ve yurtd\u0131\u015f\u0131ndaki \u00e7e\u015fitli sekt\u00f6rlere sundu\u011fu; Metal \u0130\u015fleme Ya\u011flar\u0131, End\u00fcstriyel Ya\u011flar, Gresler, Otomotiv Ya\u011flar\u0131 ve Deniz Ya\u011flar\u0131ndan olu\u015fan 5 ana \u00fcr\u00fcn grubu alt\u0131nda, 34 \u00fcr\u00fcnde 1000 \u00e7e\u015fit de\u011fi\u015fik mineral, yar\u0131 sentetik, sentetik \u00fcr\u00fcnleri, sanayi ve t\u00fcketiciler taraf\u0131ndan kullan\u0131lmaktad\u0131r.<\/p>\n<p>M\u00fc\u015fterilerine uygulad\u0131\u011f\u0131 \u00f6zel e\u011fitim programlar\u0131 ve sat\u0131\u015f sonras\u0131 teknik destek hizmetleri ile do\u011fru \u00fcr\u00fcn\u00fcn, do\u011fru yerde ve en ekonomik \u015fekilde ihtiyaca y\u00f6nelik kullan\u0131lmas\u0131 konusunda kullan\u0131c\u0131lar ile sinerji yaratarak katma de\u011fer sa\u011flayan ve hizmet verdi\u011fi sekt\u00f6rlerde m\u00fc\u015fterilerine rasyonel \u00e7\u00f6z\u00fcmler sunmaktad\u0131r.[\/vc_column_text][\/vc_column][\/vc_row][vc_row][vc_column width=&#8221;1\/2&#8243;][vc_custom_heading text=&#8221;Vizyon&#8221; font_container=&#8221;tag:div|font_size:20|text_align:left&#8221; google_fonts=&#8221;font_family:Roboto%20Condensed%3A300%2C300italic%2Cregular%2Citalic%2C700%2C700italic|font_style:400%20regular%3A400%3Anormal&#8221;][vc_row_inner][vc_column_inner width=&#8221;1\/6&#8243;][vc_separator color=&#8221;orange&#8221; align=&#8221;align_left&#8221; border_width=&#8221;4&#8243; css=&#8221;.vc_custom_1654504160020{padding-right: 32px !important;}&#8221;][vc_empty_space height=&#8221;16px&#8221;][\/vc_column_inner][vc_column_inner width=&#8221;1\/6&#8243;][\/vc_column_inner][vc_column_inner width=&#8221;1\/6&#8243;][\/vc_column_inner][vc_column_inner width=&#8221;1\/6&#8243;][\/vc_column_inner][vc_column_inner width=&#8221;1\/6&#8243;][\/vc_column_inner][vc_column_inner width=&#8221;1\/6&#8243;][\/vc_column_inner][\/vc_row_inner][vc_empty_space height=&#8221;16px&#8221;][vc_column_text]Y\u00fcksek teknoloji \u00fcr\u00fcnleriyle s\u0131n\u0131rlar\u0131n \u00f6tesinde b\u00fcy\u00fcmek.[\/vc_column_text][\/vc_column][vc_column width=&#8221;1\/2&#8243;][vc_custom_heading text=&#8221;Misyon&#8221; font_container=&#8221;tag:div|font_size:20|text_align:left&#8221; google_fonts=&#8221;font_family:Roboto%20Condensed%3A300%2C300italic%2Cregular%2Citalic%2C700%2C700italic|font_style:400%20regular%3A400%3Anormal&#8221;][vc_row_inner][vc_column_inner width=&#8221;1\/6&#8243;][vc_separator color=&#8221;orange&#8221; align=&#8221;align_left&#8221; border_width=&#8221;4&#8243; css=&#8221;.vc_custom_1654504160020{padding-right: 32px !important;}&#8221;][vc_empty_space height=&#8221;16px&#8221;][\/vc_column_inner][vc_column_inner width=&#8221;1\/6&#8243;][\/vc_column_inner][vc_column_inner width=&#8221;1\/6&#8243;][\/vc_column_inner][vc_column_inner width=&#8221;1\/6&#8243;][\/vc_column_inner][vc_column_inner width=&#8221;1\/6&#8243;][\/vc_column_inner][vc_column_inner width=&#8221;1\/6&#8243;][\/vc_column_inner][\/vc_row_inner][vc_empty_space height=&#8221;16px&#8221;][vc_column_text]Madeni ya\u011f sekt\u00f6r\u00fcndeki uzmanl\u0131\u011f\u0131m\u0131z ve yetkin insan kayna\u011f\u0131m\u0131zla, k\u00fcresel pazarlara yenilik\u00e7i, g\u00fcvenilir, \u00e7evreye duyarl\u0131 \u00e7\u00f6z\u00fcmler sunarak t\u00fcm payda\u015flar\u0131m\u0131z i\u00e7in y\u00fcksek katma de\u011fer yaratmak.[\/vc_column_text][\/vc_column][\/vc_row][vc_row][vc_column][vc_empty_space][\/vc_column][\/vc_row]<\/p>\n","protected":false},"excerpt":{"rendered":"<p>[vc_row][vc_column][vc_empty_space height=&#8221;64px&#8221;][\/vc_column][\/vc_row][vc_row][vc_column width=&#8221;1\/2&#8243;][vc_single_image image=&#8221;903&#8243; img_size=&#8221;full&#8221; alignment=&#8221;center&#8221;][\/vc_column][vc_column width=&#8221;1\/2&#8243;][vc_custom_heading text=&#8221;\u015eirket Bilgileri&#8221; font_container=&#8221;tag:div|font_size:25|text_align:left&#8221; google_fonts=&#8221;font_family:Roboto%20Condensed%3A300%2C300italic%2Cregular%2Citalic%2C700%2C700italic|font_style:400%20regular%3A400%3Anormal&#8221;][vc_row_inner][vc_column_inner width=&#8221;1\/5&#8243;][vc_separator color=&#8221;orange&#8221; align=&#8221;align_left&#8221; border_width=&#8221;4&#8243; css=&#8221;.vc_custom_1654504160020{padding-right: 32px !important;}&#8221;][vc_empty_space height=&#8221;16px&#8221;][\/vc_column_inner][vc_column_inner width=&#8221;1\/5&#8243;][\/vc_column_inner][vc_column_inner width=&#8221;1\/5&#8243;][\/vc_column_inner][vc_column_inner width=&#8221;1\/5&#8243;][\/vc_column_inner][vc_column_inner width=&#8221;1\/5&#8243;][\/vc_column_inner][\/vc_row_inner][vc_column_text]D\u00fcnyan\u0131n \u00f6nde gelen madeni ya\u011f \u00fcreticilerinin end\u00fcstriyel \u00fcr\u00fcnlerinin sat\u0131\u015f\u0131n\u0131 yapan Turpet Madeni Ya\u011flar, sekt\u00f6rdeki faaliyetlerine \u00e7eyrek as\u0131rd\u0131r devam&#8230;<\/p>\n","protected":false},"author":1,"featured_media":0,"parent":0,"menu_order":0,"comment_status":"closed","ping_status":"closed","template":"","meta":{"footnotes":""},"class_list":["post-817","page","type-page","status-publish","hentry"],"_links":{"self":[{"href":"https:\/\/turpet.com.tr\/index.php?rest_route=\/wp\/v2\/pages\/817","targetHints":{"allow":["GET"]}}],"collection":[{"href":"https:\/\/turpet.com.tr\/index.php?rest_route=\/wp\/v2\/pages"}],"about":[{"href":"https:\/\/turpet.com.tr\/index.php?rest_route=\/wp\/v2\/types\/page"}],"author":[{"embeddable":true,"href":"https:\/\/turpet.com.tr\/index.php?rest_route=\/wp\/v2\/users\/1"}],"replies":[{"embeddable":true,"href":"https:\/\/turpet.com.tr\/index.php?rest_route=%2Fwp%2Fv2%2Fcomments&post=817"}],"version-history":[{"count":12,"href":"https:\/\/turpet.com.tr\/index.php?rest_route=\/wp\/v2\/pages\/817\/revisions"}],"predecessor-version":[{"id":889,"href":"https:\/\/turpet.com.tr\/index.php?rest_route=\/wp\/v2\/pages\/817\/revisions\/889"}],"wp:attachment":[{"href":"https:\/\/turpet.com.tr\/index.php?rest_route=%2Fwp%2Fv2%2Fmedia&parent=817"}],"curies":[{"name":"wp","href":"https:\/\/api.w.org\/{rel}","templated":true}]}}