{"id":5,"date":"2014-11-11T11:09:47","date_gmt":"2014-11-11T08:09:47","guid":{"rendered":"http:\/\/anpsthemes.com\/constructo\/?page_id=5"},"modified":"2022-06-28T11:42:12","modified_gmt":"2022-06-28T08:42:12","slug":"anasayfa","status":"publish","type":"page","link":"https:\/\/turpet.com.tr\/","title":{"rendered":"Anasayfa"},"content":{"rendered":"<p>[vc_row has_content=&#8221;true&#8221;][vc_column][rev_slider_vc alias=&#8221;main-slider&#8221;][\/vc_column][\/vc_row][vc_row][vc_column][vc_empty_space height=&#8221;48px&#8221;][\/vc_column][\/vc_row][vc_row][vc_column width=&#8221;1\/2&#8243;][vc_empty_space][vc_single_image image=&#8221;1125&#8243; img_size=&#8221;full&#8221; alignment=&#8221;center&#8221; css_animation=&#8221;fadeIn&#8221;][\/vc_column][vc_column width=&#8221;1\/2&#8243;][vc_column_text]<\/p>\n<h2>HAKKIMIZDA<\/h2>\n<p>[\/vc_column_text][vc_row_inner][vc_column_inner width=&#8221;1\/6&#8243;][vc_separator color=&#8221;orange&#8221; align=&#8221;align_left&#8221; border_width=&#8221;4&#8243;][vc_empty_space height=&#8221;16px&#8221;][\/vc_column_inner][vc_column_inner width=&#8221;1\/6&#8243;][\/vc_column_inner][vc_column_inner width=&#8221;1\/6&#8243;][\/vc_column_inner][vc_column_inner width=&#8221;1\/6&#8243;][\/vc_column_inner][vc_column_inner width=&#8221;1\/6&#8243;][\/vc_column_inner][vc_column_inner width=&#8221;1\/6&#8243;][\/vc_column_inner][\/vc_row_inner][vc_column_text]D\u00fcnyan\u0131n \u00f6nde gelen madeni ya\u011f \u00fcreticilerinin end\u00fcstriyel \u00fcr\u00fcnlerinin sat\u0131\u015f\u0131n\u0131 yapan Turpet Madeni Ya\u011flar, sekt\u00f6rdeki faaliyetlerine \u00e7eyrek as\u0131rd\u0131r devam etmektedir.<\/p>\n<p>Madeni ya\u011flar konusunda uzman kadrosuyla sekt\u00f6r\u00fcn \u00f6nc\u00fc ve y\u00f6nveren firmalar\u0131ndand\u0131r.<\/p>\n<p>Turpet, hedefleri ve stratejisi do\u011frultusunda s\u00fcrd\u00fcr\u00fclebilirli\u011fi ve geli\u015fimiyle \u00e7\u00f6z\u00fcm odakl\u0131 ilkeleri g\u00fcnden g\u00fcne b\u00fcy\u00fcyen bir firma olmaktad\u0131r.<\/p>\n<p>Turpet, yurti\u00e7inde ve yurtd\u0131\u015f\u0131ndaki \u00e7e\u015fitli sekt\u00f6rlere sundu\u011fu; Metal \u0130\u015fleme Ya\u011flar\u0131, End\u00fcstriyel Ya\u011flar, Gresler, Otomotiv Ya\u011flar\u0131 ve Deniz Ya\u011flar\u0131ndan olu\u015fan 5 ana \u00fcr\u00fcn grubu alt\u0131nda, 34 \u00fcr\u00fcnde 1000 \u00e7e\u015fit de\u011fi\u015fik mineral, yar\u0131 sentetik, sentetik \u00fcr\u00fcnleri, sanayi ve t\u00fcketiciler taraf\u0131ndan kullan\u0131lmaktad\u0131r.[\/vc_column_text][vc_empty_space height=&#8221;16px&#8221;][vc_btn title=&#8221;Hakk\u0131m\u0131zda Devam\u0131&#8221; style=&#8221;outline-custom&#8221; outline_custom_color=&#8221;#dd9933&#8243; outline_custom_hover_background=&#8221;#dd9933&#8243; outline_custom_hover_text=&#8221;#ffffff&#8221; link=&#8221;url:https%3A%2F%2Fturpet.com.tr%2F%3Fpage_id%3D817|title:Hakk%C4%B1m%C4%B1zda&#8221;][\/vc_column][\/vc_row][vc_row][vc_column][vc_empty_space height=&#8221;48px&#8221;][\/vc_column][\/vc_row][vc_row full_width=&#8221;stretch_row&#8221; parallax=&#8221;content-moving&#8221; parallax_speed_bg=&#8221;2&#8243; css=&#8221;.vc_custom_1654544307764{background-image: url(http:\/\/turpet.com.tr\/wp-content\/uploads\/2022\/06\/AdobeStock_94995605-1-scaled.jpg?id=1137) !important;background-position: center;background-repeat: no-repeat !important;background-size: cover !important;}&#8221;][vc_column][vc_empty_space height=&#8221;64px&#8221;][vc_row_inner][vc_column_inner width=&#8221;1\/3&#8243;][\/vc_column_inner][vc_column_inner width=&#8221;1\/3&#8243;][vc_single_image image=&#8221;815&#8243; img_size=&#8221;full&#8221; alignment=&#8221;center&#8221;][\/vc_column_inner][vc_column_inner width=&#8221;1\/3&#8243;][\/vc_column_inner][\/vc_row_inner][vc_empty_space height=&#8221;64px&#8221;][vc_row_inner][vc_column_inner width=&#8221;1\/3&#8243;][vc_gallery type=&#8221;image_grid&#8221; images=&#8221;1020&#8243; img_size=&#8221;full&#8221; onclick=&#8221;custom_link&#8221; custom_links=&#8221;#E-8_aHR0cHMlM0ElMkYlMkZ0dXJwZXQuY29tLnRyJTJGJTNGcGFnZV9pZCUzRDk1Mg==&#8221;][vc_empty_space height=&#8221;16px&#8221;][vc_custom_heading text=&#8221;Koruyucu Ya\u011flar&#8221; font_container=&#8221;tag:div|font_size:22|text_align:center&#8221; google_fonts=&#8221;font_family:Roboto%20Condensed%3A300%2C300italic%2Cregular%2Citalic%2C700%2C700italic|font_style:700%20bold%20regular%3A700%3Anormal&#8221; link=&#8221;url:https%3A%2F%2Fturpet.com.tr%2Fkoruyucu-yaglar%2F|title:Koruyucu%20Ya%C4%9Flar&#8221;][\/vc_column_inner][vc_column_inner width=&#8221;1\/3&#8243;][vc_gallery type=&#8221;image_grid&#8221; images=&#8221;1277&#8243; img_size=&#8221;full&#8221; onclick=&#8221;custom_link&#8221; custom_links=&#8221;#E-8_aHR0cHMlM0ElMkYlMkZ0dXJwZXQuY29tLnRyJTJGJTNGcGFnZV9pZCUzRDkxNw==&#8221;][vc_empty_space height=&#8221;16px&#8221;][vc_custom_heading text=&#8221;Hidrolik Sistem Ya\u011flar\u0131&#8221; font_container=&#8221;tag:div|font_size:22|text_align:center&#8221; google_fonts=&#8221;font_family:Roboto%20Condensed%3A300%2C300italic%2Cregular%2Citalic%2C700%2C700italic|font_style:700%20bold%20regular%3A700%3Anormal&#8221; link=&#8221;url:https%3A%2F%2Fturpet.com.tr%2Fisil-islem-yaglari%2F|title:Is%C4%B1l%20%C4%B0%C5%9Flem%20Ya%C4%9Flar%C4%B1&#8243;][\/vc_column_inner][vc_column_inner width=&#8221;1\/3&#8243;][vc_gallery type=&#8221;image_grid&#8221; images=&#8221;1143&#8243; img_size=&#8221;full&#8221; onclick=&#8221;custom_link&#8221; custom_links=&#8221;#E-8_aHR0cHMlM0ElMkYlMkZ0dXJwZXQuY29tLnRyJTJGJTNGcGFnZV9pZCUzRDk1NQ==&#8221;][vc_empty_space height=&#8221;16px&#8221;][vc_custom_heading text=&#8221;S\u0131cak \u015eekil Verme Ya\u011flar\u0131&#8221; font_container=&#8221;tag:div|font_size:22|text_align:center&#8221; google_fonts=&#8221;font_family:Roboto%20Condensed%3A300%2C300italic%2Cregular%2Citalic%2C700%2C700italic|font_style:700%20bold%20regular%3A700%3Anormal&#8221; link=&#8221;url:https%3A%2F%2Fturpet.com.tr%2Fsicak-sekil-verme-yaglari%2F|title:S%C4%B1cak%20%C5%9Eekil%20Verme%20Ya%C4%9Flar%C4%B1&#8243;][\/vc_column_inner][\/vc_row_inner][vc_empty_space height=&#8221;64px&#8221;][vc_row_inner][vc_column_inner width=&#8221;1\/3&#8243;][vc_gallery type=&#8221;image_grid&#8221; images=&#8221;1145&#8243; img_size=&#8221;full&#8221; onclick=&#8221;custom_link&#8221; custom_links=&#8221;#E-8_aHR0cHMlM0ElMkYlMkZ0dXJwZXQuY29tLnRyJTJGJTNGcGFnZV9pZCUzRDkyMQ==&#8221;][vc_empty_space height=&#8221;16px&#8221;][vc_custom_heading text=&#8221;Zincir Ya\u011flar\u0131&#8221; font_container=&#8221;tag:div|font_size:22|text_align:center&#8221; google_fonts=&#8221;font_family:Roboto%20Condensed%3A300%2C300italic%2Cregular%2Citalic%2C700%2C700italic|font_style:700%20bold%20regular%3A700%3Anormal&#8221; link=&#8221;url:https%3A%2F%2Fturpet.com.tr%2Fzincir-yaglari%2F|title:Zincir%20Ya%C4%9Flar%C4%B1&#8243;][\/vc_column_inner][vc_column_inner width=&#8221;1\/3&#8243;][vc_gallery type=&#8221;image_grid&#8221; images=&#8221;1147&#8243; img_size=&#8221;full&#8221; onclick=&#8221;custom_link&#8221; custom_links=&#8221;#E-8_aHR0cHMlM0ElMkYlMkZ0dXJwZXQuY29tLnRyJTJGJTNGcGFnZV9pZCUzRDkyMg==&#8221;][vc_empty_space height=&#8221;16px&#8221;][vc_custom_heading text=&#8221;Gresler&#8221; font_container=&#8221;tag:div|font_size:22|text_align:center&#8221; google_fonts=&#8221;font_family:Roboto%20Condensed%3A300%2C300italic%2Cregular%2Citalic%2C700%2C700italic|font_style:700%20bold%20regular%3A700%3Anormal&#8221; link=&#8221;url:https%3A%2F%2Fturpet.com.tr%2Fgresler%2F|title:Gresler&#8221;][\/vc_column_inner][vc_column_inner width=&#8221;1\/3&#8243;][vc_gallery type=&#8221;image_grid&#8221; images=&#8221;1148&#8243; img_size=&#8221;full&#8221; onclick=&#8221;custom_link&#8221; custom_links=&#8221;#E-8_aHR0cHMlM0ElMkYlMkZ0dXJwZXQuY29tLnRyJTJGJTNGcGFnZV9pZCUzRDk3OQ==&#8221;][vc_empty_space height=&#8221;16px&#8221;][vc_custom_heading text=&#8221;CNC So\u011futma S\u0131v\u0131lar\u0131&#8221; font_container=&#8221;tag:div|font_size:22|text_align:center&#8221; google_fonts=&#8221;font_family:Roboto%20Condensed%3A300%2C300italic%2Cregular%2Citalic%2C700%2C700italic|font_style:700%20bold%20regular%3A700%3Anormal&#8221; link=&#8221;url:https%3A%2F%2Fturpet.com.tr%2Fcnc-sogutma-sivilari%2F|title:CNC%20So%C4%9Futma%20S%C4%B1v%C4%B1lar%C4%B1&#8243;][\/vc_column_inner][\/vc_row_inner][vc_empty_space][vc_empty_space height=&#8221;48px&#8221;][\/vc_column][\/vc_row][vc_row full_width=&#8221;stretch_row_content&#8221;][vc_column][vc_empty_space][vc_column_text]<style id=\"wp_carousel_dynamic_css1161\">#sp-wp-carousel-free-id-1161.sp-wpcp-1161 .wpcp-single-item {border: 0px solid #ffffff;}#sp-wp-carousel-free-id-1161.nav-vertical-center {padding: 0;margin:0;}#sp-wp-carousel-free-id-1161 .wpcpro-row>[class*=\"wpcpro-col-\"] { padding: 0 10px; padding-bottom: 20px;}@media (min-width: 480px) { .wpcpro-row .wpcpro-col-sm-1 { flex: 0 0 100%; max-width: 100%; } .wpcpro-row .wpcpro-col-sm-2 { flex: 0 0 50%; max-width: 50%; } .wpcpro-row .wpcpro-col-sm-2-5 { flex: 0 0 75%; max-width: 75%; } .wpcpro-row .wpcpro-col-sm-3 { flex: 0 0 33.333%; max-width: 33.333%; } .wpcpro-row .wpcpro-col-sm-4 { flex: 0 0 25%; max-width: 25%; } .wpcpro-row .wpcpro-col-sm-5 { flex: 0 0 20%; max-width: 20%; } .wpcpro-row .wpcpro-col-sm-6 { flex: 0 0 16.66666666666667%; max-width: 16.66666666666667%; } .wpcpro-row .wpcpro-col-sm-7 { flex: 0 0 14.28571428%; max-width: 14.28571428%; } .wpcpro-row .wpcpro-col-sm-8 { flex: 0 0 12.5%; max-width: 12.5%; } } @media (max-width: 480px) { .wpcpro-row .wpcpro-col-xs-1 { flex: 0 0 100%; max-width: 100%; } .wpcpro-row .wpcpro-col-xs-2 { flex: 0 0 50%; max-width: 50%; } .wpcpro-row .wpcpro-col-xs-3 { flex: 0 0 33.222%; max-width: 33.222%; } .wpcpro-row .wpcpro-col-xs-4 { flex: 0 0 25%; max-width: 25%; } .wpcpro-row .wpcpro-col-xs-5 { flex: 0 0 20%; max-width: 20%; } .wpcpro-row .wpcpro-col-xs-6 { flex: 0 0 16.6667%; max-width: 16.6667%; } .wpcpro-row .wpcpro-col-xs-7 { flex: 0 0 14.28571428%; max-width: 14.28571428%; } .wpcpro-row .wpcpro-col-xs-8 { flex: 0 0 12.5%; max-width: 12.5%; } } @media (min-width: 736px) { .wpcpro-row .wpcpro-col-md-1 { flex: 0 0 100%; max-width: 100%; } .wpcpro-row .wpcpro-col-md-2 { flex: 0 0 50%; max-width: 50%; } .wpcpro-row .wpcpro-col-md-2-5 { flex: 0 0 75%; max-width: 75%; } .wpcpro-row .wpcpro-col-md-3 { flex: 0 0 33.333%; max-width: 33.333%; } .wpcpro-row .wpcpro-col-md-4 { flex: 0 0 25%; max-width: 25%; } .wpcpro-row .wpcpro-col-md-5 { flex: 0 0 20%; max-width: 20%; } .wpcpro-row .wpcpro-col-md-6 { flex: 0 0 16.66666666666667%; max-width: 16.66666666666667%; } .wpcpro-row .wpcpro-col-md-7 { flex: 0 0 14.28571428%; max-width: 14.28571428%; } .wpcpro-row .wpcpro-col-md-8 { flex: 0 0 12.5%; max-width: 12.5%; } } @media (min-width: 980px) { .wpcpro-row .wpcpro-col-lg-1 { flex: 0 0 100%; max-width: 100%; } .wpcpro-row .wpcpro-col-lg-2 { flex: 0 0 50%; max-width: 50%; } .wpcpro-row .wpcpro-col-lg-3 { flex: 0 0 33.222%; max-width: 33.222%; } .wpcpro-row .wpcpro-col-lg-4 { flex: 0 0 25%; max-width: 25%; } .wpcpro-row .wpcpro-col-lg-5 { flex: 0 0 20%; max-width: 20%; } .wpcpro-row .wpcpro-col-lg-6 { flex: 0 0 16.6667%; max-width: 16.6667%; } .wpcpro-row .wpcpro-col-lg-7 { flex: 0 0 14.28571428%; max-width: 14.28571428%; } .wpcpro-row .wpcpro-col-lg-8 { flex: 0 0 12.5%; max-width: 12.5%; } } @media (min-width: 1200px) { .wpcpro-row .wpcpro-col-xl-1 { flex: 0 0 100%; max-width: 100%; } .wpcpro-row .wpcpro-col-xl-2 { flex: 0 0 50%; max-width: 50%; } .wpcpro-row .wpcpro-col-xl-3 { flex: 0 0 33.22222222%; max-width: 33.22222222%; } .wpcpro-row .wpcpro-col-xl-4 { flex: 0 0 25%; max-width: 25%; } .wpcpro-row .wpcpro-col-xl-5 { flex: 0 0 20%; max-width: 20%; } .wpcpro-row .wpcpro-col-xl-6 { flex: 0 0 16.66667%; max-width: 16.66667%; } .wpcpro-row .wpcpro-col-xl-7 { flex: 0 0 14.28571428%; max-width: 14.28571428%; } .wpcpro-row .wpcpro-col-xl-8 { flex: 0 0 12.5%; max-width: 12.5%; } }<\/style><div class=\"wpcp-carousel-wrapper wpcp-wrapper-1161\">\n\t<div id=\"wpcp-preloader-1161\" class=\"wpcp-carousel-preloader\"><img decoding=\"async\" src=\"https:\/\/turpet.com.tr\/wp-content\/plugins\/wp-carousel-free\/public\/css\/spinner.svg\" alt=\"Preloader Image\" \/><\/div>\t<div class=\"wpcp-carousel-content-wrapper\">\n\t<div id=\"sp-wp-carousel-free-id-1161\" class=\"wpcp-carousel-section sp-wpcp-1161  nav-vertical-center wpcp-image-carousel wpcp-preloader wpcp-standard\" data-swiper='{ \"accessibility\":true, \"spaceBetween\":20, \"arrows\":false, \"freeMode\": false, \"autoplay\":true, \"autoplaySpeed\":2000, \"dots\":false, \"infinite\":true, \"speed\":600, \"pauseOnHover\":false,\n\t\t\t\"slidesToShow\":{\"lg_desktop\":7, \"desktop\": 7, \"laptop\": 6, \"tablet\": 2, \"mobile\": 1}, \"responsive\":{\"desktop\":1200, \"laptop\": 980, \"tablet\": 736, \"mobile\": 480}, \"rtl\":false, \"lazyLoad\": \"false\", \"swipe\": true, \"draggable\": false, \"swipeToSlide\":false }'   dir=\"ltr\">\n\t\t<div class=\"swiper-wrapper\">\n\t\t<div class=\"swiper-slide\">\n\t<div class=\"wpcp-single-item\">\n\t\t<div class=\"wpcp-slide-image\">\n\t<img loading=\"lazy\" decoding=\"async\" class=\"skip-lazy\" src=\"https:\/\/turpet.com.tr\/wp-content\/uploads\/2022\/06\/JR-ab3o8.jpg\" alt=\"\" width=\"512\" height=\"512\"><\/div>\n\t<\/div>\n<\/div>\n\t<div class=\"swiper-slide\">\n\t<div class=\"wpcp-single-item\">\n\t\t<div class=\"wpcp-slide-image\">\n\t<img loading=\"lazy\" decoding=\"async\" class=\"skip-lazy\" src=\"https:\/\/turpet.com.tr\/wp-content\/uploads\/2022\/06\/JR-ab3o8-1.jpg\" alt=\"\" width=\"512\" height=\"512\"><\/div>\n\t<\/div>\n<\/div>\n\t<div class=\"swiper-slide\">\n\t<div class=\"wpcp-single-item\">\n\t\t<div class=\"wpcp-slide-image\">\n\t<img loading=\"lazy\" decoding=\"async\" class=\"skip-lazy\" src=\"https:\/\/turpet.com.tr\/wp-content\/uploads\/2022\/06\/JR-ab3o8-2.jpg\" alt=\"\" width=\"512\" height=\"512\"><\/div>\n\t<\/div>\n<\/div>\n\t<div class=\"swiper-slide\">\n\t<div class=\"wpcp-single-item\">\n\t\t<div class=\"wpcp-slide-image\">\n\t<img loading=\"lazy\" decoding=\"async\" class=\"skip-lazy\" src=\"https:\/\/turpet.com.tr\/wp-content\/uploads\/2022\/06\/JR-ab3o8-3.jpg\" alt=\"\" width=\"512\" height=\"512\"><\/div>\n\t<\/div>\n<\/div>\n\t<div class=\"swiper-slide\">\n\t<div class=\"wpcp-single-item\">\n\t\t<div class=\"wpcp-slide-image\">\n\t<img loading=\"lazy\" decoding=\"async\" class=\"skip-lazy\" src=\"https:\/\/turpet.com.tr\/wp-content\/uploads\/2022\/06\/JR-ab3o8-4.jpg\" alt=\"\" width=\"512\" height=\"512\"><\/div>\n\t<\/div>\n<\/div>\n\t<div class=\"swiper-slide\">\n\t<div class=\"wpcp-single-item\">\n\t\t<div class=\"wpcp-slide-image\">\n\t<img loading=\"lazy\" decoding=\"async\" class=\"skip-lazy\" src=\"https:\/\/turpet.com.tr\/wp-content\/uploads\/2022\/06\/JR-ab3o8-5.jpg\" alt=\"\" width=\"512\" height=\"512\"><\/div>\n\t<\/div>\n<\/div>\n\t<div class=\"swiper-slide\">\n\t<div class=\"wpcp-single-item\">\n\t\t<div class=\"wpcp-slide-image\">\n\t<img loading=\"lazy\" decoding=\"async\" class=\"skip-lazy\" src=\"https:\/\/turpet.com.tr\/wp-content\/uploads\/2022\/06\/JR-ab3o8-6.jpg\" alt=\"\" width=\"512\" height=\"512\"><\/div>\n\t<\/div>\n<\/div>\n\t<div class=\"swiper-slide\">\n\t<div class=\"wpcp-single-item\">\n\t\t<div class=\"wpcp-slide-image\">\n\t<img loading=\"lazy\" decoding=\"async\" class=\"skip-lazy\" src=\"https:\/\/turpet.com.tr\/wp-content\/uploads\/2022\/06\/JR-ab3o8-7.jpg\" alt=\"\" width=\"512\" height=\"512\"><\/div>\n\t<\/div>\n<\/div>\n\t\t\t<\/div>\n\t\t\t\t<!-- If we need navigation buttons -->\n\t\t\t<\/div>\n\t<\/div>\n<\/div>\n[\/vc_column_text][vc_empty_space height=&#8221;64px&#8221;][\/vc_column][\/vc_row][vc_row gap=&#8221;20&#8243;][vc_column width=&#8221;1\/3&#8243; css=&#8221;.vc_custom_1654548985739{border-top-width: 2px !important;border-right-width: 2px !important;border-bottom-width: 2px !important;border-left-width: 2px !important;padding-top: 60px !important;padding-right: 60px !important;padding-bottom: 16px !important;padding-left: 60px !important;border-left-color: #e8e8e8 !important;border-left-style: solid !important;border-right-color: #e8e8e8 !important;border-right-style: solid !important;border-top-color: #e8e8e8 !important;border-top-style: solid !important;border-bottom-color: #e8e8e8 !important;border-bottom-style: solid !important;}&#8221;][vc_icon icon_fontawesome=&#8221;fas fa-map-marker-alt&#8221; color=&#8221;orange&#8221; size=&#8221;lg&#8221; align=&#8221;center&#8221;][vc_custom_heading text=&#8221;Adres&#8221; font_container=&#8221;tag:h4|text_align:center&#8221; google_fonts=&#8221;font_family:Roboto%20Condensed%3A300%2C300italic%2Cregular%2Citalic%2C700%2C700italic|font_style:400%20regular%3A400%3Anormal&#8221;][vc_custom_heading text=&#8221;\u0130kitelli OSB Mah. Eskoop C5-3 Blok No: 259 \u0130\u00e7 Kap\u0131 No: 259 Ba\u015fak\u015fehir\/\u0130stanbul&#8221; font_container=&#8221;tag:h4|text_align:center&#8221; google_fonts=&#8221;font_family:Roboto%20Condensed%3A300%2C300italic%2Cregular%2Citalic%2C700%2C700italic|font_style:300%20light%20regular%3A300%3Anormal&#8221;][\/vc_column][vc_column width=&#8221;1\/3&#8243; css=&#8221;.vc_custom_1654549073060{border-top-width: 2px !important;border-right-width: 2px !important;border-bottom-width: 2px !important;border-left-width: 2px !important;padding-top: 60px !important;padding-right: 60px !important;padding-bottom: 70px !important;padding-left: 60px !important;border-left-color: #e8e8e8 !important;border-left-style: solid !important;border-right-color: #e8e8e8 !important;border-right-style: solid !important;border-top-color: #e8e8e8 !important;border-top-style: solid !important;border-bottom-color: #e8e8e8 !important;border-bottom-style: solid !important;}&#8221;][vc_icon icon_fontawesome=&#8221;fas fa-phone-alt&#8221; color=&#8221;orange&#8221; size=&#8221;lg&#8221; align=&#8221;center&#8221;][vc_custom_heading text=&#8221;Telefon&#8221; font_container=&#8221;tag:h4|text_align:center&#8221; google_fonts=&#8221;font_family:Roboto%20Condensed%3A300%2C300italic%2Cregular%2Citalic%2C700%2C700italic|font_style:400%20regular%3A400%3Anormal&#8221;][vc_custom_heading text=&#8221;0212 485 8840<br \/>\n0533 281 81 40<\/p>\n<p>0532 280 31 28<br \/>\n0541 419 28 44&#8243; font_container=&#8221;tag:h4|text_align:center&#8221; google_fonts=&#8221;font_family:Roboto%20Condensed%3A300%2C300italic%2Cregular%2Citalic%2C700%2C700italic|font_style:300%20light%20regular%3A300%3Anormal&#8221;][\/vc_column][vc_column width=&#8221;1\/3&#8243; css=&#8221;.vc_custom_1654549101146{border-top-width: 2px !important;border-right-width: 2px !important;border-bottom-width: 2px !important;border-left-width: 2px !important;padding-top: 60px !important;padding-right: 60px !important;padding-bottom: 70px !important;padding-left: 60px !important;border-left-color: #e8e8e8 !important;border-left-style: solid !important;border-right-color: #e8e8e8 !important;border-right-style: solid !important;border-top-color: #e8e8e8 !important;border-top-style: solid !important;border-bottom-color: #e8e8e8 !important;border-bottom-style: solid !important;}&#8221;][vc_icon icon_fontawesome=&#8221;fas fa-envelope&#8221; color=&#8221;orange&#8221; size=&#8221;lg&#8221; align=&#8221;center&#8221;][vc_custom_heading text=&#8221;E-posta&#8221; font_container=&#8221;tag:h4|text_align:center&#8221; google_fonts=&#8221;font_family:Roboto%20Condensed%3A300%2C300italic%2Cregular%2Citalic%2C700%2C700italic|font_style:400%20regular%3A400%3Anormal&#8221;][vc_custom_heading text=&#8221;info@turpet.com.tr&#8221; font_container=&#8221;tag:h4|text_align:center&#8221; google_fonts=&#8221;font_family:Roboto%20Condensed%3A300%2C300italic%2Cregular%2Citalic%2C700%2C700italic|font_style:300%20light%20regular%3A300%3Anormal&#8221; link=&#8221;url:mailto%3Ainfo%40turpet.com&#8221;][\/vc_column][\/vc_row][vc_row][vc_column][vc_empty_space height=&#8221;64px&#8221;][\/vc_column][\/vc_row][vc_row full_width=&#8221;stretch_row_content_no_spaces&#8221;][vc_column]<div class='map' id='map1' style='height: 350px;' data-type='ROADMAP' data-zoom='15' data-scroll='true' data-icon='https:\/\/turpet.com.tr\/wp-content\/themes\/constructo\/images\/gmap\/map-pin.png' data-address='\u0130kitelli OSB Mah. Eskoop C5-3 Blok No: 259 \u0130\u00e7 Kap\u0131 No: 259 Ba\u015fak\u015fehir\/\u0130stanbul'><\/div>[\/vc_column][\/vc_row]<\/p>\n","protected":false},"excerpt":{"rendered":"<p>[vc_row has_content=&#8221;true&#8221;][vc_column][rev_slider_vc alias=&#8221;main-slider&#8221;][\/vc_column][\/vc_row][vc_row][vc_column][vc_empty_space height=&#8221;48px&#8221;][\/vc_column][\/vc_row][vc_row][vc_column width=&#8221;1\/2&#8243;][vc_empty_space][vc_single_image image=&#8221;1125&#8243; img_size=&#8221;full&#8221; alignment=&#8221;center&#8221; css_animation=&#8221;fadeIn&#8221;][\/vc_column][vc_column width=&#8221;1\/2&#8243;][vc_column_text] HAKKIMIZDA [\/vc_column_text][vc_row_inner][vc_column_inner width=&#8221;1\/6&#8243;][vc_separator color=&#8221;orange&#8221; align=&#8221;align_left&#8221; border_width=&#8221;4&#8243;][vc_empty_space height=&#8221;16px&#8221;][\/vc_column_inner][vc_column_inner width=&#8221;1\/6&#8243;][\/vc_column_inner][vc_column_inner width=&#8221;1\/6&#8243;][\/vc_column_inner][vc_column_inner width=&#8221;1\/6&#8243;][\/vc_column_inner][vc_column_inner width=&#8221;1\/6&#8243;][\/vc_column_inner][vc_column_inner width=&#8221;1\/6&#8243;][\/vc_column_inner][\/vc_row_inner][vc_column_text]D\u00fcnyan\u0131n \u00f6nde gelen madeni ya\u011f \u00fcreticilerinin end\u00fcstriyel \u00fcr\u00fcnlerinin sat\u0131\u015f\u0131n\u0131 yapan Turpet Madeni Ya\u011flar, sekt\u00f6rdeki faaliyetlerine \u00e7eyrek as\u0131rd\u0131r devam etmektedir&#8230;.<\/p>\n","protected":false},"author":1,"featured_media":0,"parent":0,"menu_order":0,"comment_status":"open","ping_status":"closed","template":"","meta":{"footnotes":""},"class_list":["post-5","page","type-page","status-publish","hentry"],"_links":{"self":[{"href":"https:\/\/turpet.com.tr\/index.php?rest_route=\/wp\/v2\/pages\/5","targetHints":{"allow":["GET"]}}],"collection":[{"href":"https:\/\/turpet.com.tr\/index.php?rest_route=\/wp\/v2\/pages"}],"about":[{"href":"https:\/\/turpet.com.tr\/index.php?rest_route=\/wp\/v2\/types\/page"}],"author":[{"embeddable":true,"href":"https:\/\/turpet.com.tr\/index.php?rest_route=\/wp\/v2\/users\/1"}],"replies":[{"embeddable":true,"href":"https:\/\/turpet.com.tr\/index.php?rest_route=%2Fwp%2Fv2%2Fcomments&post=5"}],"version-history":[{"count":67,"href":"https:\/\/turpet.com.tr\/index.php?rest_route=\/wp\/v2\/pages\/5\/revisions"}],"predecessor-version":[{"id":1296,"href":"https:\/\/turpet.com.tr\/index.php?rest_route=\/wp\/v2\/pages\/5\/revisions\/1296"}],"wp:attachment":[{"href":"https:\/\/turpet.com.tr\/index.php?rest_route=%2Fwp%2Fv2%2Fmedia&parent=5"}],"curies":[{"name":"wp","href":"https:\/\/api.w.org\/{rel}","templated":true}]}}