{"id":1262,"date":"2022-06-18T14:26:52","date_gmt":"2022-06-18T11:26:52","guid":{"rendered":"http:\/\/turpet.com.tr\/?page_id=1262"},"modified":"2022-06-20T00:00:15","modified_gmt":"2022-06-19T21:00:15","slug":"taslama-sivisi","status":"publish","type":"page","link":"https:\/\/turpet.com.tr\/?page_id=1262","title":{"rendered":"Ta\u015flama S\u0131v\u0131s\u0131"},"content":{"rendered":"<p>[vc_row][vc_column width=&#8221;1\/2&#8243;][vc_single_image image=&#8221;1263&#8243; img_size=&#8221;full&#8221;][\/vc_column][vc_column width=&#8221;1\/2&#8243;][vc_column_text]Ta\u015flama makinalar\u0131 y\u00fcksek h\u0131zlarda s\u00fcrt\u00fcnme \u015feklinde \u00e7al\u0131\u015ft\u0131\u011f\u0131 i\u00e7in s\u0131cakl\u0131k y\u00fckselme durumundad\u0131r. Bu nedenle makinan\u0131n \u0131s\u0131nmamas\u0131 i\u00e7inta\u015flama kimyasallar\u0131 kullan\u0131l\u0131r. Ta\u015flama kimyasallar\u0131 sistemde bir kayd\u0131r\u0131c\u0131l\u0131k sa\u011flar ve \u0131s\u0131nmay\u0131 \u00f6nler. Ayr\u0131ca ciddi bir korozyon direnci sa\u011flar.[\/vc_column_text][\/vc_column][\/vc_row]<\/p>\n","protected":false},"excerpt":{"rendered":"<p>[vc_row][vc_column width=&#8221;1\/2&#8243;][vc_single_image image=&#8221;1263&#8243; img_size=&#8221;full&#8221;][\/vc_column][vc_column width=&#8221;1\/2&#8243;][vc_column_text]Ta\u015flama makinalar\u0131 y\u00fcksek h\u0131zlarda s\u00fcrt\u00fcnme \u015feklinde \u00e7al\u0131\u015ft\u0131\u011f\u0131 i\u00e7in s\u0131cakl\u0131k y\u00fckselme durumundad\u0131r. Bu nedenle makinan\u0131n \u0131s\u0131nmamas\u0131 i\u00e7inta\u015flama kimyasallar\u0131 kullan\u0131l\u0131r. Ta\u015flama kimyasallar\u0131 sistemde bir kayd\u0131r\u0131c\u0131l\u0131k sa\u011flar ve \u0131s\u0131nmay\u0131 \u00f6nler. Ayr\u0131ca ciddi bir korozyon direnci sa\u011flar.[\/vc_column_text][\/vc_column][\/vc_row]<\/p>\n","protected":false},"author":1,"featured_media":0,"parent":0,"menu_order":0,"comment_status":"closed","ping_status":"closed","template":"","meta":{"footnotes":""},"class_list":["post-1262","page","type-page","status-publish","hentry"],"_links":{"self":[{"href":"https:\/\/turpet.com.tr\/index.php?rest_route=\/wp\/v2\/pages\/1262","targetHints":{"allow":["GET"]}}],"collection":[{"href":"https:\/\/turpet.com.tr\/index.php?rest_route=\/wp\/v2\/pages"}],"about":[{"href":"https:\/\/turpet.com.tr\/index.php?rest_route=\/wp\/v2\/types\/page"}],"author":[{"embeddable":true,"href":"https:\/\/turpet.com.tr\/index.php?rest_route=\/wp\/v2\/users\/1"}],"replies":[{"embeddable":true,"href":"https:\/\/turpet.com.tr\/index.php?rest_route=%2Fwp%2Fv2%2Fcomments&post=1262"}],"version-history":[{"count":4,"href":"https:\/\/turpet.com.tr\/index.php?rest_route=\/wp\/v2\/pages\/1262\/revisions"}],"predecessor-version":[{"id":1270,"href":"https:\/\/turpet.com.tr\/index.php?rest_route=\/wp\/v2\/pages\/1262\/revisions\/1270"}],"wp:attachment":[{"href":"https:\/\/turpet.com.tr\/index.php?rest_route=%2Fwp%2Fv2%2Fmedia&parent=1262"}],"curies":[{"name":"wp","href":"https:\/\/api.w.org\/{rel}","templated":true}]}}