{"id":1258,"date":"2022-06-18T14:25:15","date_gmt":"2022-06-18T11:25:15","guid":{"rendered":"http:\/\/turpet.com.tr\/?page_id=1258"},"modified":"2022-06-18T14:25:15","modified_gmt":"2022-06-18T11:25:15","slug":"erozyon-sivisi","status":"publish","type":"page","link":"https:\/\/turpet.com.tr\/?page_id=1258","title":{"rendered":"Erozyon S\u0131v\u0131s\u0131"},"content":{"rendered":"<p>[vc_row][vc_column width=&#8221;1\/2&#8243;][vc_single_image image=&#8221;1259&#8243; img_size=&#8221;full&#8221;][\/vc_column][vc_column width=&#8221;1\/2&#8243;][vc_column_text]\u00dcst\u00fcn oksidasyon stabilitesine ve parlama noktas\u0131na sahip, d\u00fc\u015f\u00fck viskoziteli bir elektro erozyon s\u0131v\u0131s\u0131d\u0131r. Bu \u00fcr\u00fcn optimum tala\u015f kald\u0131rma miktar\u0131 ile d\u00fc\u015f\u00fck elektrot a\u015f\u0131n\u0131m\u0131 ve iyi y\u00fczey fini\u015fi ve hassas toleranslar elde edilmek i\u00e7in geli\u015ftirilmi\u015f \u00e7ok iyi kalite, \u00e7ok maksatl\u0131 dielektrik bir s\u0131v\u0131d\u0131r.[\/vc_column_text][\/vc_column][\/vc_row]<\/p>\n","protected":false},"excerpt":{"rendered":"<p>[vc_row][vc_column width=&#8221;1\/2&#8243;][vc_single_image image=&#8221;1259&#8243; img_size=&#8221;full&#8221;][\/vc_column][vc_column width=&#8221;1\/2&#8243;][vc_column_text]\u00dcst\u00fcn oksidasyon stabilitesine ve parlama noktas\u0131na sahip, d\u00fc\u015f\u00fck viskoziteli bir elektro erozyon s\u0131v\u0131s\u0131d\u0131r. Bu \u00fcr\u00fcn optimum tala\u015f kald\u0131rma miktar\u0131 ile d\u00fc\u015f\u00fck elektrot a\u015f\u0131n\u0131m\u0131 ve iyi y\u00fczey fini\u015fi ve hassas toleranslar elde edilmek i\u00e7in geli\u015ftirilmi\u015f \u00e7ok iyi&#8230;<\/p>\n","protected":false},"author":1,"featured_media":0,"parent":0,"menu_order":0,"comment_status":"closed","ping_status":"closed","template":"","meta":{"footnotes":""},"class_list":["post-1258","page","type-page","status-publish","hentry"],"_links":{"self":[{"href":"https:\/\/turpet.com.tr\/index.php?rest_route=\/wp\/v2\/pages\/1258","targetHints":{"allow":["GET"]}}],"collection":[{"href":"https:\/\/turpet.com.tr\/index.php?rest_route=\/wp\/v2\/pages"}],"about":[{"href":"https:\/\/turpet.com.tr\/index.php?rest_route=\/wp\/v2\/types\/page"}],"author":[{"embeddable":true,"href":"https:\/\/turpet.com.tr\/index.php?rest_route=\/wp\/v2\/users\/1"}],"replies":[{"embeddable":true,"href":"https:\/\/turpet.com.tr\/index.php?rest_route=%2Fwp%2Fv2%2Fcomments&post=1258"}],"version-history":[{"count":1,"href":"https:\/\/turpet.com.tr\/index.php?rest_route=\/wp\/v2\/pages\/1258\/revisions"}],"predecessor-version":[{"id":1260,"href":"https:\/\/turpet.com.tr\/index.php?rest_route=\/wp\/v2\/pages\/1258\/revisions\/1260"}],"wp:attachment":[{"href":"https:\/\/turpet.com.tr\/index.php?rest_route=%2Fwp%2Fv2%2Fmedia&parent=1258"}],"curies":[{"name":"wp","href":"https:\/\/api.w.org\/{rel}","templated":true}]}}