{"id":1253,"date":"2022-06-18T14:21:17","date_gmt":"2022-06-18T11:21:17","guid":{"rendered":"http:\/\/turpet.com.tr\/?page_id=1253"},"modified":"2022-06-20T00:03:17","modified_gmt":"2022-06-19T21:03:17","slug":"trafo-yaglari","status":"publish","type":"page","link":"https:\/\/turpet.com.tr\/?page_id=1253","title":{"rendered":"Trafo Ya\u011flar\u0131"},"content":{"rendered":"<p>[vc_row][vc_column width=&#8221;1\/2&#8243;][vc_single_image image=&#8221;1254&#8243; img_size=&#8221;full&#8221;][\/vc_column][vc_column width=&#8221;1\/2&#8243;][vc_column_text]Mineral esasl\u0131 trafo izolasyon ya\u011flar\u0131 yani Trafo ya\u011flar\u0131, son derece m\u00fckemmel elektriksel yal\u0131t\u0131m \u00f6zelliklerine sahip y\u00fcksek termal stabiliteye sahip ve genellikle naftanik esasl\u0131 baz ya\u011flardan rafine edilmi\u015f ya\u011flard\u0131r. Genellikle g\u00fc\u00e7 ve da\u011f\u0131t\u0131m trafolar\u0131nda korono ve k\u0131v\u0131lc\u0131m\u0131 \u00f6nlemek ve so\u011futma ama\u00e7l\u0131 kullan\u0131l\u0131r.[\/vc_column_text][\/vc_column][\/vc_row]<\/p>\n","protected":false},"excerpt":{"rendered":"<p>[vc_row][vc_column width=&#8221;1\/2&#8243;][vc_single_image image=&#8221;1254&#8243; img_size=&#8221;full&#8221;][\/vc_column][vc_column width=&#8221;1\/2&#8243;][vc_column_text]Mineral esasl\u0131 trafo izolasyon ya\u011flar\u0131 yani Trafo ya\u011flar\u0131, son derece m\u00fckemmel elektriksel yal\u0131t\u0131m \u00f6zelliklerine sahip y\u00fcksek termal stabiliteye sahip ve genellikle naftanik esasl\u0131 baz ya\u011flardan rafine edilmi\u015f ya\u011flard\u0131r. Genellikle g\u00fc\u00e7 ve da\u011f\u0131t\u0131m trafolar\u0131nda korono ve k\u0131v\u0131lc\u0131m\u0131&#8230;<\/p>\n","protected":false},"author":1,"featured_media":0,"parent":0,"menu_order":0,"comment_status":"closed","ping_status":"closed","template":"","meta":{"footnotes":""},"class_list":["post-1253","page","type-page","status-publish","hentry"],"_links":{"self":[{"href":"https:\/\/turpet.com.tr\/index.php?rest_route=\/wp\/v2\/pages\/1253","targetHints":{"allow":["GET"]}}],"collection":[{"href":"https:\/\/turpet.com.tr\/index.php?rest_route=\/wp\/v2\/pages"}],"about":[{"href":"https:\/\/turpet.com.tr\/index.php?rest_route=\/wp\/v2\/types\/page"}],"author":[{"embeddable":true,"href":"https:\/\/turpet.com.tr\/index.php?rest_route=\/wp\/v2\/users\/1"}],"replies":[{"embeddable":true,"href":"https:\/\/turpet.com.tr\/index.php?rest_route=%2Fwp%2Fv2%2Fcomments&post=1253"}],"version-history":[{"count":2,"href":"https:\/\/turpet.com.tr\/index.php?rest_route=\/wp\/v2\/pages\/1253\/revisions"}],"predecessor-version":[{"id":1271,"href":"https:\/\/turpet.com.tr\/index.php?rest_route=\/wp\/v2\/pages\/1253\/revisions\/1271"}],"wp:attachment":[{"href":"https:\/\/turpet.com.tr\/index.php?rest_route=%2Fwp%2Fv2%2Fmedia&parent=1253"}],"curies":[{"name":"wp","href":"https:\/\/api.w.org\/{rel}","templated":true}]}}