{"id":1243,"date":"2022-06-18T14:14:21","date_gmt":"2022-06-18T11:14:21","guid":{"rendered":"http:\/\/turpet.com.tr\/?page_id=1243"},"modified":"2022-06-18T14:17:36","modified_gmt":"2022-06-18T11:17:36","slug":"yardimci-urunler","status":"publish","type":"page","link":"https:\/\/turpet.com.tr\/?page_id=1243","title":{"rendered":"Yard\u0131mc\u0131 \u00dcr\u00fcnler"},"content":{"rendered":"<p>[vc_row][vc_column width=&#8221;1\/3&#8243;][vc_single_image image=&#8221;1244&#8243; img_size=&#8221;full&#8221; title=&#8221;Varil Pompalar\u0131&#8221;][\/vc_column][vc_column width=&#8221;1\/3&#8243;][vc_single_image image=&#8221;1246&#8243; img_size=&#8221;full&#8221; title=&#8221;Bor Ya\u011f \u00d6l\u00e7\u00fcm Cihazlar\u0131&#8221;][\/vc_column][vc_column width=&#8221;1\/3&#8243;][vc_single_image image=&#8221;1249&#8243; img_size=&#8221;full&#8221; title=&#8221;Dozatron&#8221;][\/vc_column][\/vc_row]<\/p>\n","protected":false},"excerpt":{"rendered":"<p>[vc_row][vc_column width=&#8221;1\/3&#8243;][vc_single_image image=&#8221;1244&#8243; img_size=&#8221;full&#8221; title=&#8221;Varil Pompalar\u0131&#8221;][\/vc_column][vc_column width=&#8221;1\/3&#8243;][vc_single_image image=&#8221;1246&#8243; img_size=&#8221;full&#8221; title=&#8221;Bor Ya\u011f \u00d6l\u00e7\u00fcm Cihazlar\u0131&#8221;][\/vc_column][vc_column width=&#8221;1\/3&#8243;][vc_single_image image=&#8221;1249&#8243; img_size=&#8221;full&#8221; title=&#8221;Dozatron&#8221;][\/vc_column][\/vc_row]<\/p>\n","protected":false},"author":1,"featured_media":0,"parent":0,"menu_order":0,"comment_status":"closed","ping_status":"closed","template":"","meta":{"footnotes":""},"class_list":["post-1243","page","type-page","status-publish","hentry"],"_links":{"self":[{"href":"https:\/\/turpet.com.tr\/index.php?rest_route=\/wp\/v2\/pages\/1243","targetHints":{"allow":["GET"]}}],"collection":[{"href":"https:\/\/turpet.com.tr\/index.php?rest_route=\/wp\/v2\/pages"}],"about":[{"href":"https:\/\/turpet.com.tr\/index.php?rest_route=\/wp\/v2\/types\/page"}],"author":[{"embeddable":true,"href":"https:\/\/turpet.com.tr\/index.php?rest_route=\/wp\/v2\/users\/1"}],"replies":[{"embeddable":true,"href":"https:\/\/turpet.com.tr\/index.php?rest_route=%2Fwp%2Fv2%2Fcomments&post=1243"}],"version-history":[{"count":4,"href":"https:\/\/turpet.com.tr\/index.php?rest_route=\/wp\/v2\/pages\/1243\/revisions"}],"predecessor-version":[{"id":1250,"href":"https:\/\/turpet.com.tr\/index.php?rest_route=\/wp\/v2\/pages\/1243\/revisions\/1250"}],"wp:attachment":[{"href":"https:\/\/turpet.com.tr\/index.php?rest_route=%2Fwp%2Fv2%2Fmedia&parent=1243"}],"curies":[{"name":"wp","href":"https:\/\/api.w.org\/{rel}","templated":true}]}}