{"id":1222,"date":"2022-06-16T12:44:34","date_gmt":"2022-06-16T09:44:34","guid":{"rendered":"https:\/\/turpet.com.tr\/?page_id=1222"},"modified":"2022-06-16T12:47:45","modified_gmt":"2022-06-16T09:47:45","slug":"antifrizler","status":"publish","type":"page","link":"https:\/\/turpet.com.tr\/?page_id=1222","title":{"rendered":"ANT\u0130FR\u0130ZLER"},"content":{"rendered":"<p>[vc_row][vc_column width=&#8221;1\/2&#8243;][vc_single_image image=&#8221;1227&#8243; img_size=&#8221;full&#8221;][\/vc_column][vc_column width=&#8221;1\/2&#8243;][vc_column_text]\u00d6zel katk\u0131lar i\u00e7eren etilen glikol bazl\u0131 bir \u00fcr\u00fcnd\u00fcr. Sulu so\u011futma sistemlerine so\u011fuk hava \u015fartlar\u0131ndan gelebilecek zararlar\u0131 \u00f6nlemek i\u00e7in geli\u015ftirilmi\u015ftir. Otomotiv dahil olmak \u00fczere sanayi so\u011fuk su dola\u015f\u0131m sistemlerinde g\u00fcne\u015f enerjisiyle \u00e7al\u0131\u015fan sistemlerinde buz paten sahalar\u0131nda ve benzer yerlerde kullan\u0131l\u0131r.[\/vc_column_text][\/vc_column][\/vc_row]<\/p>\n","protected":false},"excerpt":{"rendered":"<p>[vc_row][vc_column width=&#8221;1\/2&#8243;][vc_single_image image=&#8221;1227&#8243; img_size=&#8221;full&#8221;][\/vc_column][vc_column width=&#8221;1\/2&#8243;][vc_column_text]\u00d6zel katk\u0131lar i\u00e7eren etilen glikol bazl\u0131 bir \u00fcr\u00fcnd\u00fcr. Sulu so\u011futma sistemlerine so\u011fuk hava \u015fartlar\u0131ndan gelebilecek zararlar\u0131 \u00f6nlemek i\u00e7in geli\u015ftirilmi\u015ftir. Otomotiv dahil olmak \u00fczere sanayi so\u011fuk su dola\u015f\u0131m sistemlerinde g\u00fcne\u015f enerjisiyle \u00e7al\u0131\u015fan sistemlerinde buz paten sahalar\u0131nda ve&#8230;<\/p>\n","protected":false},"author":1,"featured_media":0,"parent":0,"menu_order":0,"comment_status":"closed","ping_status":"closed","template":"","meta":{"footnotes":""},"class_list":["post-1222","page","type-page","status-publish","hentry"],"_links":{"self":[{"href":"https:\/\/turpet.com.tr\/index.php?rest_route=\/wp\/v2\/pages\/1222","targetHints":{"allow":["GET"]}}],"collection":[{"href":"https:\/\/turpet.com.tr\/index.php?rest_route=\/wp\/v2\/pages"}],"about":[{"href":"https:\/\/turpet.com.tr\/index.php?rest_route=\/wp\/v2\/types\/page"}],"author":[{"embeddable":true,"href":"https:\/\/turpet.com.tr\/index.php?rest_route=\/wp\/v2\/users\/1"}],"replies":[{"embeddable":true,"href":"https:\/\/turpet.com.tr\/index.php?rest_route=%2Fwp%2Fv2%2Fcomments&post=1222"}],"version-history":[{"count":3,"href":"https:\/\/turpet.com.tr\/index.php?rest_route=\/wp\/v2\/pages\/1222\/revisions"}],"predecessor-version":[{"id":1228,"href":"https:\/\/turpet.com.tr\/index.php?rest_route=\/wp\/v2\/pages\/1222\/revisions\/1228"}],"wp:attachment":[{"href":"https:\/\/turpet.com.tr\/index.php?rest_route=%2Fwp%2Fv2%2Fmedia&parent=1222"}],"curies":[{"name":"wp","href":"https:\/\/api.w.org\/{rel}","templated":true}]}}