{"id":1218,"date":"2022-06-16T12:42:17","date_gmt":"2022-06-16T09:42:17","guid":{"rendered":"https:\/\/turpet.com.tr\/?page_id=1218"},"modified":"2022-06-16T12:44:02","modified_gmt":"2022-06-16T09:44:02","slug":"ince-makina-yaglari","status":"publish","type":"page","link":"https:\/\/turpet.com.tr\/?page_id=1218","title":{"rendered":"\u0130NCE MAK\u0130NA YA\u011eLARI"},"content":{"rendered":"<p>[vc_row][vc_column width=&#8221;1\/2&#8243;][vc_single_image image=&#8221;1219&#8243; img_size=&#8221;full&#8221;][\/vc_column][vc_column width=&#8221;1\/2&#8243;][vc_column_text]Tekstil end\u00fcstrisinde \u00f6rg\u00fc makinelerinin i\u011fne mekanizmalar\u0131 ve yataklar\u0131n ya\u011flanmas\u0131nda kullan\u0131lmak \u00fczere geli\u015ftirilmi\u015f mineral esasl\u0131 bir \u00fcr\u00fcnd\u00fcr. \u00dcst\u00fcn ya\u011f filmi \u00f6zelli\u011fi sayesinde oksidasyon, a\u015f\u0131nma ve korozyon olu\u015fumunu \u00f6nler.[\/vc_column_text][\/vc_column][\/vc_row]<\/p>\n","protected":false},"excerpt":{"rendered":"<p>[vc_row][vc_column width=&#8221;1\/2&#8243;][vc_single_image image=&#8221;1219&#8243; img_size=&#8221;full&#8221;][\/vc_column][vc_column width=&#8221;1\/2&#8243;][vc_column_text]Tekstil end\u00fcstrisinde \u00f6rg\u00fc makinelerinin i\u011fne mekanizmalar\u0131 ve yataklar\u0131n ya\u011flanmas\u0131nda kullan\u0131lmak \u00fczere geli\u015ftirilmi\u015f mineral esasl\u0131 bir \u00fcr\u00fcnd\u00fcr. \u00dcst\u00fcn ya\u011f filmi \u00f6zelli\u011fi sayesinde oksidasyon, a\u015f\u0131nma ve korozyon olu\u015fumunu \u00f6nler.[\/vc_column_text][\/vc_column][\/vc_row]<\/p>\n","protected":false},"author":1,"featured_media":0,"parent":0,"menu_order":0,"comment_status":"closed","ping_status":"closed","template":"","meta":{"footnotes":""},"class_list":["post-1218","page","type-page","status-publish","hentry"],"_links":{"self":[{"href":"https:\/\/turpet.com.tr\/index.php?rest_route=\/wp\/v2\/pages\/1218","targetHints":{"allow":["GET"]}}],"collection":[{"href":"https:\/\/turpet.com.tr\/index.php?rest_route=\/wp\/v2\/pages"}],"about":[{"href":"https:\/\/turpet.com.tr\/index.php?rest_route=\/wp\/v2\/types\/page"}],"author":[{"embeddable":true,"href":"https:\/\/turpet.com.tr\/index.php?rest_route=\/wp\/v2\/users\/1"}],"replies":[{"embeddable":true,"href":"https:\/\/turpet.com.tr\/index.php?rest_route=%2Fwp%2Fv2%2Fcomments&post=1218"}],"version-history":[{"count":2,"href":"https:\/\/turpet.com.tr\/index.php?rest_route=\/wp\/v2\/pages\/1218\/revisions"}],"predecessor-version":[{"id":1221,"href":"https:\/\/turpet.com.tr\/index.php?rest_route=\/wp\/v2\/pages\/1218\/revisions\/1221"}],"wp:attachment":[{"href":"https:\/\/turpet.com.tr\/index.php?rest_route=%2Fwp%2Fv2%2Fmedia&parent=1218"}],"curies":[{"name":"wp","href":"https:\/\/api.w.org\/{rel}","templated":true}]}}